
{"id":8181,"date":"2025-05-01T15:11:04","date_gmt":"2025-05-01T21:11:04","guid":{"rendered":"https:\/\/dahlercostarica.com\/pineapple-farm\/"},"modified":"2026-01-30T16:26:37","modified_gmt":"2026-01-30T22:26:37","slug":"pineapple-farm","status":"publish","type":"page","link":"https:\/\/dahlercostarica.com\/en\/pineapple-farm\/","title":{"rendered":"Pineapple Farm"},"content":{"rendered":"\t\t<div data-elementor-type=\"wp-page\" data-elementor-id=\"8181\" class=\"elementor elementor-8181 elementor-7654\">\n\t\t\t\t<div class=\"elementor-element elementor-element-b237829 e-flex e-con-boxed e-con e-parent\" data-id=\"b237829\" data-element_type=\"container\" data-e-type=\"container\" data-settings=\"{&quot;background_background&quot;:&quot;classic&quot;}\">\n\t\t\t\t\t<div class=\"e-con-inner\">\n\t\t\t\t<div class=\"elementor-element elementor-element-989348a elementor-widget__width-initial elementor-widget-mobile__width-inherit elementor-widget elementor-widget-tourmsectiontitle\" data-id=\"989348a\" data-element_type=\"widget\" data-e-type=\"widget\" data-widget_type=\"tourmsectiontitle.default\">\n\t\t\t\t<div class=\"elementor-widget-container\">\n\t\t\t\t\t\t\t<div class=\"title-area text-center \">\r\n\t\t\t<h1 class=\"sec-title \">Pineapple Plantation<\/h1>\t\t<\/div>\r\n\r\n\t\t\t\t\t<\/div>\n\t\t\t\t<\/div>\n\t\t\t\t\t<\/div>\n\t\t\t\t<\/div>\n\t\t<div class=\"elementor-element elementor-element-ae0c789 e-con-full e-flex e-con e-parent\" data-id=\"ae0c789\" data-element_type=\"container\" data-e-type=\"container\">\n\t\t\t\t<div class=\"elementor-element elementor-element-e76ccfe elementor-widget__width-initial elementor-widget-mobile__width-inherit elementor-widget elementor-widget-tourmsectiontitle\" data-id=\"e76ccfe\" data-element_type=\"widget\" data-e-type=\"widget\" data-widget_type=\"tourmsectiontitle.default\">\n\t\t\t\t<div class=\"elementor-widget-container\">\n\t\t\t\t\t\t\t<div class=\"title-area text-center \">\r\n\t\t\t<span class=\"sub-title \">Hacienda Roswitha Pineapple Farm<\/span><h2 class=\"sec-title \">Continuing the Legacy of the Pineapple King<\/h2>\t\t<\/div>\r\n\r\n\t\t\t\t\t<\/div>\n\t\t\t\t<\/div>\n\t\t<div class=\"elementor-element elementor-element-835b840 e-flex e-con-boxed e-con e-child\" data-id=\"835b840\" data-element_type=\"container\" data-e-type=\"container\">\n\t\t\t\t\t<div class=\"e-con-inner\">\n\t\t<div class=\"elementor-element elementor-element-50c694f e-con-full e-flex e-con e-child\" data-id=\"50c694f\" data-element_type=\"container\" data-e-type=\"container\">\n\t\t\t\t<div class=\"elementor-element elementor-element-5887cb1 elementor-widget elementor-widget-tourmimage\" data-id=\"5887cb1\" data-element_type=\"widget\" data-e-type=\"widget\" data-widget_type=\"tourmimage.default\">\n\t\t\t\t<div class=\"elementor-widget-container\">\n\t\t\t\t\t<div class=\"img-box3\"><div class=\"img1\"><img decoding=\"async\" src=\"https:\/\/dahlercostarica.com\/wp-content\/uploads\/2025\/05\/1.jpg\" alt=\"Weite Ananasfelder der Hacienda Roswitha in Sarapiqu\u00ed, Costa Rica.\"  \/><\/div><div class=\"img2\"><img decoding=\"async\" src=\"https:\/\/dahlercostarica.com\/wp-content\/uploads\/2025\/05\/Ananas.jpg\" alt=\"Mitarbeiter verpacken frische D\u00e4hler Ananas in Exportkartons f\u00fcr den Versand in die Schweiz.\"  \/><\/div><div class=\"img3 movingX\"><img decoding=\"async\" src=\"https:\/\/dahlercostarica.com\/wp-content\/uploads\/2025\/05\/Ananas-1.jpg\" alt=\"Nahaufnahme einer jungen Ananasfrucht auf der Pflanze in der Hacienda Roswitha.\"  \/><\/div><\/div>\t\t\t\t<\/div>\n\t\t\t\t<\/div>\n\t\t\t\t<\/div>\n\t\t<div class=\"elementor-element elementor-element-4f3f988 e-con-full e-flex e-con e-child\" data-id=\"4f3f988\" data-element_type=\"container\" data-e-type=\"container\">\n\t\t\t\t<div class=\"elementor-element elementor-element-79f811a elementor-widget__width-initial elementor-widget-mobile__width-inherit elementor-widget elementor-widget-text-editor\" data-id=\"79f811a\" data-element_type=\"widget\" data-e-type=\"widget\" data-widget_type=\"text-editor.default\">\n\t\t\t\t<div class=\"elementor-widget-container\">\n\t\t\t\t\t\t\t\t\t<h4>From Africa to Costa Rica: The Sweet Success Story of the D\u00e4hler Family<\/h4><p data-path-to-node=\"4\">The history of the D\u00e4hler family is a journey spanning three continents. In the 1980s, Johann D\u00e4hler began cultivating pineapples in the Ivory Coast, where his expertise and passion quickly earned him the title of <b data-path-to-node=\"4\" data-index-in-node=\"214\">&#8220;The Pineapple King.&#8221;<\/b> After political unrest led to the loss of their plantation, the family was forced to return to Switzerland. However, the dream of growing the perfect pineapple remained very much alive.<\/p><p data-path-to-node=\"5\">In 2003, Johann D\u00e4hler and his son Jan moved to Costa Rica and founded <b data-path-to-node=\"5\" data-index-in-node=\"71\">Hacienda Roswitha<\/b> in Sarapiqu\u00ed. With ideal climatic conditions and fertile soil, the family once again began cultivating pineapples.<\/p><p data-path-to-node=\"6\"><b data-path-to-node=\"6\" data-index-in-node=\"0\">The Estate at a Glance<\/b><\/p><p data-path-to-node=\"7\">Today, the plantation is a model of sustainable and diverse land use:<\/p><ul data-path-to-node=\"8\"><li><p data-path-to-node=\"8,0,0\"><b data-path-to-node=\"8,0,0\" data-index-in-node=\"0\">Total area:<\/b> 780 hectares.<\/p><\/li><li><p data-path-to-node=\"8,1,0\"><b data-path-to-node=\"8,1,0\" data-index-in-node=\"0\">Pineapple production:<\/b> 450 hectares dedicated to the &#8220;Golden Pineapple.&#8221;<\/p><\/li><li><p data-path-to-node=\"8,2,0\"><b data-path-to-node=\"8,2,0\" data-index-in-node=\"0\">Nature conservation:<\/b> The remaining 330 hectares are preserved as protected rainforest and pastureland for the family&#8217;s water buffalo.<\/p><\/li><li><p data-path-to-node=\"8,3,0\"><b data-path-to-node=\"8,3,0\" data-index-in-node=\"0\">Global reach:<\/b> The family exports between <b data-path-to-node=\"8,3,0\" data-index-in-node=\"41\">300 and 400 tons<\/b> of premium pineapples annually to the USA, Canada, Europe, and Switzerland<\/p><\/li><\/ul>\t\t\t\t\t\t\t\t<\/div>\n\t\t\t\t<\/div>\n\t\t\t\t<\/div>\n\t\t\t\t\t<\/div>\n\t\t\t\t<\/div>\n\t\t\t\t<div class=\"elementor-element elementor-element-b2ced8b elementor-widget__width-initial elementor-widget-mobile__width-inherit elementor-widget elementor-widget-text-editor\" data-id=\"b2ced8b\" data-element_type=\"widget\" data-e-type=\"widget\" data-widget_type=\"text-editor.default\">\n\t\t\t\t<div class=\"elementor-widget-container\">\n\t\t\t\t\t\t\t\t\t<p><b>Water Buffalo Farming as Part of the Sustainable Concept<\/b><\/p><p><span style=\"font-weight: 400;\">A special component of the Hacienda is water buffalo farming, which is strategically used to optimally utilize the wet and marshy soil areas that are less suitable for pineapple cultivation. The buffalo contribute to landscape maintenance, promote biodiversity, and help preserve natural habitats. <\/span><\/p><p><span style=\"font-weight: 400;\">Additionally, the family produces high-quality buffalo meat, which is valued in the region as a sustainable and healthy protein source. This integration of livestock farming and agriculture makes Hacienda Roswitha a model farm for regenerative agriculture. <\/span><\/p><p><b>Sustainability at the Core<\/b><\/p><p><span style=\"font-weight: 400;\">For the D\u00e4hler family, sustainability is not an option, but a matter of course. Finca Roswitha relies on environmentally friendly cultivation methods, including erosion control, sustainable water management, solar energy, and continuous improvement of soil fertility. <\/span><\/p><p><span style=\"font-weight: 400;\">Social commitment is also not neglected: The family supports local educational and health projects, creates fair jobs, and offers further training for employees.<\/span><\/p><p><span style=\"font-weight: 400;\">Thus, pineapple production becomes not only an economic success model but also a social and ecological showcase project.<\/span><\/p><p><b>Hacienda Roswitha is more than just a Plantation<\/b><\/p><p><span style=\"font-weight: 400;\">It is a place of learning and experience. Visitors can take a guided pineapple tour, where they learn about the entire production process \u2013 from planting to harvesting \u2013 and have the opportunity to taste fresh pineapples directly from the field. <\/span><\/p><p><b>Experience the Story of the Pineapple King up Close \u2013 our Pineapple Tour<\/b><\/p><p><span style=\"font-weight: 400;\">If you want to learn about the family&#8217;s history and experience the origin of this special fruit yourself, you are warmly invited to our Pineapple Tour at Finca Roswitha. The tour offers a fascinating insight into daily life on the plantation \u2013 from sowing to export preparation. <\/span><\/p><p><b>What awaits you?<\/b><\/p><ul><li style=\"font-weight: 400;\" aria-level=\"1\"><span style=\"font-weight: 400;\">A walk through the fields with exciting information on cultivation and plant care<\/span><\/li><li style=\"font-weight: 400;\" aria-level=\"1\"><span style=\"font-weight: 400;\">Insight into sustainable agriculture and ecological responsibility<\/span><span style=\"font-weight: 400;\"><br \/><\/span><span style=\"font-weight: 400;\">Demonstration of harvesting methods and sorting<\/span><\/li><li style=\"font-weight: 400;\" aria-level=\"1\"><span style=\"font-weight: 400;\">Tasting fresh pineapples directly from the field \u2013 it doesn&#8217;t get any sweeter!<\/span><\/li><li style=\"font-weight: 400;\" aria-level=\"1\"><span style=\"font-weight: 400;\">Exchange with members of the D\u00e4hler family and our dedicated team<\/span><\/li><\/ul><p><span style=\"font-weight: 400;\">The tour is ideal for <\/span><b>nature lovers, families, educational travelers<\/b><span style=\"font-weight: 400;\"> and anyone who wants to know where their fruit really comes from. Whether as a day trip from San Jos\u00e9 or as part of a round trip \u2013 a visit to Finca Roswitha remains unforgettable.<\/span><\/p><p><span style=\"font-weight: 400;\">\ud83d\udccd <\/span><b>Tour Information &amp; Booking:<\/b><b><br \/><\/b><a href=\"https:\/\/wetu.com\/Itinerary\/DayTour\/2e72452e-a905-4a4e-8454-2c3a0c5d6227\"> <span style=\"font-weight: 400;\">Click here for Pineapple Tour details<\/span><\/a><\/p><p><b>One Family, one Vision<\/b><\/p><p><span style=\"font-weight: 400;\">Behind all this is the conviction that agriculture not only creates food but also connection \u2013 to nature, to local people, and to consumers worldwide.<\/span><\/p><p><span style=\"font-weight: 400;\">The D\u00e4hler family lives this philosophy every day: With Swiss precision, African life experience, and Costa Rican passion, a unique project has emerged at Finca Roswitha that goes far beyond pineapples.<\/span><\/p><p><span style=\"font-weight: 400;\">Whether as an export brand, travel destination, or educational project \u2013 the <\/span><b>D\u00e4hler Pineapple<\/b><span style=\"font-weight: 400;\"> is a symbol of sustainable enjoyment and lived responsibility.<\/span><\/p>\t\t\t\t\t\t\t\t<\/div>\n\t\t\t\t<\/div>\n\t\t\t\t<\/div>\n\t\t<div class=\"elementor-element elementor-element-653475f e-con-full e-flex e-con e-parent\" data-id=\"653475f\" data-element_type=\"container\" data-e-type=\"container\">\n\t\t\t\t<div class=\"elementor-element elementor-element-ad7a4fb elementor-widget elementor-widget-tourmsliderimage\" data-id=\"ad7a4fb\" data-element_type=\"widget\" data-e-type=\"widget\" data-widget_type=\"tourmsliderimage.default\">\n\t\t\t\t<div class=\"elementor-widget-container\">\n\t\t\t\t\t<div class=\"sidebar-gallery-area space\"><div class=\"container-fluid\"><div class=\"slider-area\"><div class=\"swiper th-slider has-shadow\" data-slider-options='{\"centeredSlides\":\"true\",\"breakpoints\":{\"0\":{\"slidesPerView\":1},\"576\":{\"slidesPerView\":\"2\"},\"768\":{\"slidesPerView\":\"2\"},\"992\":{\"slidesPerView\":\"3\"},\"1200\":{\"slidesPerView\":\"3\"},\"1300\":{\"slidesPerView\":\"4\"}}}'><div class=\"swiper-wrapper\"><div class=\"swiper-slide\"><div class=\"gallery-thumb style2 global-img\"><img decoding=\"async\" src=\"https:\/\/dahlercostarica.com\/wp-content\/uploads\/2025\/03\/Weihnachten1.jpg\" alt=\"Weihnachten1\"  \/><a target=\"_blank\" href=\"https:\/\/www.instagram.com\/\" class=\"gallery-btn\"><i class=\"fab fa-instagram\"><\/i><\/a><\/div><\/div><div class=\"swiper-slide\"><div class=\"gallery-thumb style2 global-img\"><img decoding=\"async\" src=\"https:\/\/dahlercostarica.com\/wp-content\/uploads\/2025\/03\/Weihnachten.jpg\" alt=\"Weihnachten\"  \/><a target=\"_blank\" href=\"https:\/\/www.instagram.com\/\" class=\"gallery-btn\"><i class=\"fab fa-instagram\"><\/i><\/a><\/div><\/div><div class=\"swiper-slide\"><div class=\"gallery-thumb style2 global-img\"><img decoding=\"async\" src=\"https:\/\/dahlercostarica.com\/wp-content\/uploads\/2025\/03\/Tortuguero.jpg\" alt=\"Tortuguero\"  \/><a target=\"_blank\" href=\"https:\/\/www.instagram.com\/\" class=\"gallery-btn\"><i class=\"fab fa-instagram\"><\/i><\/a><\/div><\/div><div class=\"swiper-slide\"><div class=\"gallery-thumb style2 global-img\"><img decoding=\"async\" src=\"https:\/\/dahlercostarica.com\/wp-content\/uploads\/2025\/03\/Tortuga.jpg\" alt=\"Tortuga\"  \/><a target=\"_blank\" href=\"https:\/\/www.instagram.com\/\" class=\"gallery-btn\"><i class=\"fab fa-instagram\"><\/i><\/a><\/div><\/div><div class=\"swiper-slide\"><div class=\"gallery-thumb style2 global-img\"><img decoding=\"async\" src=\"https:\/\/dahlercostarica.com\/wp-content\/uploads\/2025\/03\/Strand-sauber.jpg\" alt=\"Strand sauber\"  \/><a target=\"_blank\" href=\"https:\/\/www.instagram.com\/\" class=\"gallery-btn\"><i class=\"fab fa-instagram\"><\/i><\/a><\/div><\/div><div class=\"swiper-slide\"><div class=\"gallery-thumb style2 global-img\"><img decoding=\"async\" src=\"https:\/\/dahlercostarica.com\/wp-content\/uploads\/2025\/03\/Puma.jpg\" alt=\"Puma\"  \/><a target=\"_blank\" href=\"https:\/\/www.instagram.com\/\" class=\"gallery-btn\"><i class=\"fab fa-instagram\"><\/i><\/a><\/div><\/div><div class=\"swiper-slide\"><div class=\"gallery-thumb style2 global-img\"><img decoding=\"async\" src=\"https:\/\/dahlercostarica.com\/wp-content\/uploads\/2025\/03\/Pflanzen.jpg\" alt=\"Pflanzen\"  \/><a target=\"_blank\" href=\"https:\/\/www.instagram.com\/\" class=\"gallery-btn\"><i class=\"fab fa-instagram\"><\/i><\/a><\/div><\/div><div class=\"swiper-slide\"><div class=\"gallery-thumb style2 global-img\"><img decoding=\"async\" src=\"https:\/\/dahlercostarica.com\/wp-content\/uploads\/2025\/03\/Hilfe.jpg\" alt=\"Hilfe\"  \/><a target=\"_blank\" href=\"https:\/\/www.instagram.com\/\" class=\"gallery-btn\"><i class=\"fab fa-instagram\"><\/i><\/a><\/div><\/div><div class=\"swiper-slide\"><div class=\"gallery-thumb style2 global-img\"><img decoding=\"async\" src=\"https:\/\/dahlercostarica.com\/wp-content\/uploads\/2025\/03\/EPP-Dahler.jpg\" alt=\"EPP Dahler\"  \/><a target=\"_blank\" href=\"https:\/\/www.instagram.com\/\" class=\"gallery-btn\"><i class=\"fab fa-instagram\"><\/i><\/a><\/div><\/div><div class=\"swiper-slide\"><div class=\"gallery-thumb style2 global-img\"><img decoding=\"async\" src=\"https:\/\/dahlercostarica.com\/wp-content\/uploads\/2025\/03\/Clinique-Mobile.jpg\" alt=\"Clinique Mobile\"  \/><a target=\"_blank\" href=\"https:\/\/www.instagram.com\/\" class=\"gallery-btn\"><i class=\"fab fa-instagram\"><\/i><\/a><\/div><\/div><div class=\"swiper-slide\"><div class=\"gallery-thumb style2 global-img\"><img decoding=\"async\" src=\"https:\/\/dahlercostarica.com\/wp-content\/uploads\/2025\/03\/Agro.jpg\" alt=\"Agro\"  \/><a target=\"_blank\" href=\"https:\/\/www.instagram.com\/\" class=\"gallery-btn\"><i class=\"fab fa-instagram\"><\/i><\/a><\/div><\/div><div class=\"swiper-slide\"><div class=\"gallery-thumb style2 global-img\"><img decoding=\"async\" src=\"https:\/\/dahlercostarica.com\/wp-content\/uploads\/2025\/03\/Kinder.jpg\" alt=\"Kinder\"  \/><a target=\"_blank\" href=\"https:\/\/www.instagram.com\/\" class=\"gallery-btn\"><i class=\"fab fa-instagram\"><\/i><\/a><\/div><\/div><\/div><\/div><\/div><\/div><\/div>\t\t\t\t<\/div>\n\t\t\t\t<\/div>\n\t\t\t\t<\/div>\n\t\t\t\t<\/div>\n\t\t","protected":false},"excerpt":{"rendered":"<p>Pineapple Plantation Hacienda Roswitha Pineapple Farm Continuing the Legacy of the Pineapple King From Africa to Costa Rica: The Sweet Success Story of the D\u00e4hler Family The history of the D\u00e4hler family is a journey spanning three continents. In the 1980s, Johann D\u00e4hler began cultivating pineapples in the Ivory Coast, where his expertise and passion&#8230;<\/p>\n","protected":false},"author":1,"featured_media":8380,"parent":0,"menu_order":0,"comment_status":"closed","ping_status":"closed","template":"template-builder.php","meta":{"_monsterinsights_skip_tracking":false,"_monsterinsights_sitenote_active":false,"_monsterinsights_sitenote_note":"","_monsterinsights_sitenote_category":0,"footnotes":""},"class_list":["post-8181","page","type-page","status-publish","has-post-thumbnail","hentry"],"yoast_head":"<!-- This site is optimized with the Yoast SEO plugin v27.5 - https:\/\/yoast.com\/product\/yoast-seo-wordpress\/ -->\n<title>Pineapple Farm - Swiss Tropical Tourism<\/title>\n<meta name=\"robots\" content=\"index, follow, max-snippet:-1, max-image-preview:large, max-video-preview:-1\" \/>\n<link rel=\"canonical\" href=\"https:\/\/dahlercostarica.com\/en\/pineapple-farm\/\" \/>\n<meta property=\"og:locale\" content=\"en_US\" \/>\n<meta property=\"og:type\" content=\"article\" \/>\n<meta property=\"og:title\" content=\"Pineapple Farm - Swiss Tropical Tourism\" \/>\n<meta property=\"og:description\" content=\"Pineapple Plantation Hacienda Roswitha Pineapple Farm Continuing the Legacy of the Pineapple King From Africa to Costa Rica: The Sweet Success Story of the D\u00e4hler Family The history of the D\u00e4hler family is a journey spanning three continents. In the 1980s, Johann D\u00e4hler began cultivating pineapples in the Ivory Coast, where his expertise and passion...\" \/>\n<meta property=\"og:url\" content=\"https:\/\/dahlercostarica.com\/en\/pineapple-farm\/\" \/>\n<meta property=\"og:site_name\" content=\"Swiss Tropical Tourism\" \/>\n<meta property=\"article:publisher\" content=\"https:\/\/www.facebook.com\/SwissTropicalTourism\" \/>\n<meta property=\"article:modified_time\" content=\"2026-01-30T22:26:37+00:00\" \/>\n<meta property=\"og:image\" content=\"https:\/\/dahlercostarica.com\/wp-content\/uploads\/2025\/11\/Ananas.jpg\" \/>\n\t<meta property=\"og:image:width\" content=\"412\" \/>\n\t<meta property=\"og:image:height\" content=\"485\" \/>\n\t<meta property=\"og:image:type\" content=\"image\/jpeg\" \/>\n<meta name=\"twitter:card\" content=\"summary_large_image\" \/>\n<meta name=\"twitter:label1\" content=\"Est. reading time\" \/>\n\t<meta name=\"twitter:data1\" content=\"7 minutes\" \/>\n<script type=\"application\/ld+json\" class=\"yoast-schema-graph\">{\"@context\":\"https:\\\/\\\/schema.org\",\"@graph\":[{\"@type\":\"WebPage\",\"@id\":\"https:\\\/\\\/dahlercostarica.com\\\/en\\\/pineapple-farm\\\/\",\"url\":\"https:\\\/\\\/dahlercostarica.com\\\/en\\\/pineapple-farm\\\/\",\"name\":\"Pineapple Farm - Swiss Tropical Tourism\",\"isPartOf\":{\"@id\":\"https:\\\/\\\/dahlercostarica.com\\\/en\\\/#website\"},\"primaryImageOfPage\":{\"@id\":\"https:\\\/\\\/dahlercostarica.com\\\/en\\\/pineapple-farm\\\/#primaryimage\"},\"image\":{\"@id\":\"https:\\\/\\\/dahlercostarica.com\\\/en\\\/pineapple-farm\\\/#primaryimage\"},\"thumbnailUrl\":\"https:\\\/\\\/dahlercostarica.com\\\/wp-content\\\/uploads\\\/2025\\\/11\\\/Ananas.jpg\",\"datePublished\":\"2025-05-01T21:11:04+00:00\",\"dateModified\":\"2026-01-30T22:26:37+00:00\",\"breadcrumb\":{\"@id\":\"https:\\\/\\\/dahlercostarica.com\\\/en\\\/pineapple-farm\\\/#breadcrumb\"},\"inLanguage\":\"en-US\",\"potentialAction\":[{\"@type\":\"ReadAction\",\"target\":[\"https:\\\/\\\/dahlercostarica.com\\\/en\\\/pineapple-farm\\\/\"]}]},{\"@type\":\"ImageObject\",\"inLanguage\":\"en-US\",\"@id\":\"https:\\\/\\\/dahlercostarica.com\\\/en\\\/pineapple-farm\\\/#primaryimage\",\"url\":\"https:\\\/\\\/dahlercostarica.com\\\/wp-content\\\/uploads\\\/2025\\\/11\\\/Ananas.jpg\",\"contentUrl\":\"https:\\\/\\\/dahlercostarica.com\\\/wp-content\\\/uploads\\\/2025\\\/11\\\/Ananas.jpg\",\"width\":412,\"height\":485,\"caption\":\"Ananasfarm Familie D\u00e4hler\"},{\"@type\":\"BreadcrumbList\",\"@id\":\"https:\\\/\\\/dahlercostarica.com\\\/en\\\/pineapple-farm\\\/#breadcrumb\",\"itemListElement\":[{\"@type\":\"ListItem\",\"position\":1,\"name\":\"Home\",\"item\":\"https:\\\/\\\/dahlercostarica.com\\\/en\\\/\"},{\"@type\":\"ListItem\",\"position\":2,\"name\":\"Pineapple Farm\"}]},{\"@type\":\"WebSite\",\"@id\":\"https:\\\/\\\/dahlercostarica.com\\\/en\\\/#website\",\"url\":\"https:\\\/\\\/dahlercostarica.com\\\/en\\\/\",\"name\":\"Swiss Tropical Tourism\",\"description\":\"Reiseagentur\",\"potentialAction\":[{\"@type\":\"SearchAction\",\"target\":{\"@type\":\"EntryPoint\",\"urlTemplate\":\"https:\\\/\\\/dahlercostarica.com\\\/en\\\/?s={search_term_string}\"},\"query-input\":{\"@type\":\"PropertyValueSpecification\",\"valueRequired\":true,\"valueName\":\"search_term_string\"}}],\"inLanguage\":\"en-US\"}]}<\/script>\n<!-- \/ Yoast SEO plugin. -->","yoast_head_json":{"title":"Pineapple Farm - Swiss Tropical Tourism","robots":{"index":"index","follow":"follow","max-snippet":"max-snippet:-1","max-image-preview":"max-image-preview:large","max-video-preview":"max-video-preview:-1"},"canonical":"https:\/\/dahlercostarica.com\/en\/pineapple-farm\/","og_locale":"en_US","og_type":"article","og_title":"Pineapple Farm - Swiss Tropical Tourism","og_description":"Pineapple Plantation Hacienda Roswitha Pineapple Farm Continuing the Legacy of the Pineapple King From Africa to Costa Rica: The Sweet Success Story of the D\u00e4hler Family The history of the D\u00e4hler family is a journey spanning three continents. In the 1980s, Johann D\u00e4hler began cultivating pineapples in the Ivory Coast, where his expertise and passion...","og_url":"https:\/\/dahlercostarica.com\/en\/pineapple-farm\/","og_site_name":"Swiss Tropical Tourism","article_publisher":"https:\/\/www.facebook.com\/SwissTropicalTourism","article_modified_time":"2026-01-30T22:26:37+00:00","og_image":[{"width":412,"height":485,"url":"https:\/\/dahlercostarica.com\/wp-content\/uploads\/2025\/11\/Ananas.jpg","type":"image\/jpeg"}],"twitter_card":"summary_large_image","twitter_misc":{"Est. reading time":"7 minutes"},"schema":{"@context":"https:\/\/schema.org","@graph":[{"@type":"WebPage","@id":"https:\/\/dahlercostarica.com\/en\/pineapple-farm\/","url":"https:\/\/dahlercostarica.com\/en\/pineapple-farm\/","name":"Pineapple Farm - Swiss Tropical Tourism","isPartOf":{"@id":"https:\/\/dahlercostarica.com\/en\/#website"},"primaryImageOfPage":{"@id":"https:\/\/dahlercostarica.com\/en\/pineapple-farm\/#primaryimage"},"image":{"@id":"https:\/\/dahlercostarica.com\/en\/pineapple-farm\/#primaryimage"},"thumbnailUrl":"https:\/\/dahlercostarica.com\/wp-content\/uploads\/2025\/11\/Ananas.jpg","datePublished":"2025-05-01T21:11:04+00:00","dateModified":"2026-01-30T22:26:37+00:00","breadcrumb":{"@id":"https:\/\/dahlercostarica.com\/en\/pineapple-farm\/#breadcrumb"},"inLanguage":"en-US","potentialAction":[{"@type":"ReadAction","target":["https:\/\/dahlercostarica.com\/en\/pineapple-farm\/"]}]},{"@type":"ImageObject","inLanguage":"en-US","@id":"https:\/\/dahlercostarica.com\/en\/pineapple-farm\/#primaryimage","url":"https:\/\/dahlercostarica.com\/wp-content\/uploads\/2025\/11\/Ananas.jpg","contentUrl":"https:\/\/dahlercostarica.com\/wp-content\/uploads\/2025\/11\/Ananas.jpg","width":412,"height":485,"caption":"Ananasfarm Familie D\u00e4hler"},{"@type":"BreadcrumbList","@id":"https:\/\/dahlercostarica.com\/en\/pineapple-farm\/#breadcrumb","itemListElement":[{"@type":"ListItem","position":1,"name":"Home","item":"https:\/\/dahlercostarica.com\/en\/"},{"@type":"ListItem","position":2,"name":"Pineapple Farm"}]},{"@type":"WebSite","@id":"https:\/\/dahlercostarica.com\/en\/#website","url":"https:\/\/dahlercostarica.com\/en\/","name":"Swiss Tropical Tourism","description":"Reiseagentur","potentialAction":[{"@type":"SearchAction","target":{"@type":"EntryPoint","urlTemplate":"https:\/\/dahlercostarica.com\/en\/?s={search_term_string}"},"query-input":{"@type":"PropertyValueSpecification","valueRequired":true,"valueName":"search_term_string"}}],"inLanguage":"en-US"}]}},"_links":{"self":[{"href":"https:\/\/dahlercostarica.com\/en\/wp-json\/wp\/v2\/pages\/8181","targetHints":{"allow":["GET"]}}],"collection":[{"href":"https:\/\/dahlercostarica.com\/en\/wp-json\/wp\/v2\/pages"}],"about":[{"href":"https:\/\/dahlercostarica.com\/en\/wp-json\/wp\/v2\/types\/page"}],"author":[{"embeddable":true,"href":"https:\/\/dahlercostarica.com\/en\/wp-json\/wp\/v2\/users\/1"}],"replies":[{"embeddable":true,"href":"https:\/\/dahlercostarica.com\/en\/wp-json\/wp\/v2\/comments?post=8181"}],"version-history":[{"count":10,"href":"https:\/\/dahlercostarica.com\/en\/wp-json\/wp\/v2\/pages\/8181\/revisions"}],"predecessor-version":[{"id":9517,"href":"https:\/\/dahlercostarica.com\/en\/wp-json\/wp\/v2\/pages\/8181\/revisions\/9517"}],"wp:featuredmedia":[{"embeddable":true,"href":"https:\/\/dahlercostarica.com\/en\/wp-json\/wp\/v2\/media\/8380"}],"wp:attachment":[{"href":"https:\/\/dahlercostarica.com\/en\/wp-json\/wp\/v2\/media?parent=8181"}],"curies":[{"name":"wp","href":"https:\/\/api.w.org\/{rel}","templated":true}]}}