{"id":8173,"date":"2025-03-20T18:06:48","date_gmt":"2025-03-21T00:06:48","guid":{"rendered":"https:\/\/dahlercostarica.com\/bea\/"},"modified":"2025-11-14T19:16:46","modified_gmt":"2025-11-15T01:16:46","slug":"bea","status":"publish","type":"page","link":"https:\/\/dahlercostarica.com\/fr\/agence-de-voyage\/bea\/","title":{"rendered":"Bea"},"content":{"rendered":"\t\t<div data-elementor-type=\"wp-page\" data-elementor-id=\"8173\" class=\"elementor elementor-8173 elementor-6559\">\n\t\t\t\t<div class=\"elementor-element elementor-element-a336150 e-con-full e-flex e-con e-parent\" data-id=\"a336150\" data-element_type=\"container\" data-e-type=\"container\">\n\t\t<div class=\"elementor-element elementor-element-998ae4f e-flex e-con-boxed e-con e-child\" data-id=\"998ae4f\" data-element_type=\"container\" data-e-type=\"container\">\n\t\t\t\t\t<div class=\"e-con-inner\">\n\t\t<div class=\"elementor-element elementor-element-dc773ee e-con-full e-flex e-con e-child\" data-id=\"dc773ee\" data-element_type=\"container\" data-e-type=\"container\">\n\t\t\r\n\t\t<div class=\"elementor-element elementor-element-939c483 elementor-widget elementor-widget-tourmteam\" data-id=\"939c483\" data-element_type=\"widget\" data-e-type=\"widget\" data-widget_type=\"tourmteam.default\">\n\t\t\t\t<div class=\"elementor-widget-container\">\n\t\t\t\t\t<div class=\"th-team team-grid\"><div class=\"team-img\"><img decoding=\"async\" src=\"https:\/\/dahlercostarica.com\/wp-content\/uploads\/2025\/02\/Tatiana.jpg\" alt=\"Tatiana\"  \/><\/div><div class=\"team-img2\"><img decoding=\"async\" src=\"https:\/\/dahlercostarica.com\/wp-content\/uploads\/2025\/03\/Bea.jpg\" alt=\"Reiseleiterin Bea\"  \/><\/div><div class=\"team-content\"><div class=\"media-body\"><h3 class=\"box-title title\"><a href=\"#\">Bea<\/a><\/h3><span class=\"team-desig desig\">Spezialistin f\u00fcr Outdoor und Camping<\/span><div class=\"th-social\"><\/div><\/div><\/div><\/div>\t\t\t\t<\/div>\n\t\t\t\t<\/div>\n\t\t\t\t<\/div>\n\t\t<div class=\"elementor-element elementor-element-cec12dd e-con-full e-flex e-con e-child\" data-id=\"cec12dd\" data-element_type=\"container\" data-e-type=\"container\">\n\t\t\t\t<div class=\"elementor-element elementor-element-ce6988a elementor-widget elementor-widget-text-editor\" data-id=\"ce6988a\" data-element_type=\"widget\" data-e-type=\"widget\" data-widget_type=\"text-editor.default\">\n\t\t\t\t<div class=\"elementor-widget-container\">\n\t\t\t\t\t\t\t\t\t<h2><strong>Bea \u2013 La passionn\u00e9e de plein air aux racines suisses<\/strong><\/h2><p><span style=\"font-weight: 400;\">Bea, notre experte en voyages polyvalente, a os\u00e9 franchir le pas et a \u00e9chang\u00e9 sa vie en Suisse contre une aventure au Costa Rica. En tant qu&#8217;ancienne enseignante, elle \u00e9tait \u00e0 la recherche de nouveaux horizons et d&#8217;un style de vie qui corresponde \u00e0 sa passion pour la nature. <\/span><\/p><p><span style=\"font-weight: 400;\">Avec son mari, elle vit maintenant au Costa Rica et explore avec enthousiasme la diversit\u00e9 des paysages du pays. Son expertise dans les activit\u00e9s de plein air et le camping fait d&#8217;elle l&#8217;interlocutrice id\u00e9ale pour tous ceux qui souhaitent d\u00e9couvrir le Costa Rica hors des sentiers battus. Que ce soit pour la randonn\u00e9e, le camping ou la planification d&#8217;aventures individuelles en plein air, Bea partage volontiers ses connaissances et ses exp\u00e9riences. Gr\u00e2ce \u00e0 ses comp\u00e9tences linguistiques en allemand, espagnol et anglais, elle est \u00e0 la disposition des voyageurs du monde entier pour les conseiller et les aider.   <\/span><\/p><p><strong>Langues : allemand, espagnol, anglais<\/strong><\/p>\t\t\t\t\t\t\t\t<\/div>\n\t\t\t\t<\/div>\n\t\t\t\t<\/div>\n\t\t\t\t\t<\/div>\n\t\t\t\t<\/div>\n\t\t\t\t<\/div>\n\t\t<div class=\"elementor-element elementor-element-ff64237 e-con-full e-flex e-con e-parent\" data-id=\"ff64237\" data-element_type=\"container\" data-e-type=\"container\">\n\t\t<div class=\"elementor-element elementor-element-2a3ba7b e-flex e-con-boxed e-con e-child\" data-id=\"2a3ba7b\" data-element_type=\"container\" data-e-type=\"container\">\n\t\t\t\t\t<div class=\"e-con-inner\">\n\t\t\t\t<div class=\"elementor-element elementor-element-5fbaaa9 elementor-widget elementor-widget-text-editor\" data-id=\"5fbaaa9\" data-element_type=\"widget\" data-e-type=\"widget\" data-widget_type=\"text-editor.default\">\n\t\t\t\t<div class=\"elementor-widget-container\">\n\t\t\t\t\t\t\t\t\t<h2 class=\"box-title mb-30\"><span style=\"font-weight: 400;\">Contactez-moi :<\/span><\/h2>\t\t\t\t\t\t\t\t<\/div>\n\t\t\t\t<\/div>\n\t\t\t\t<div class=\"elementor-element elementor-element-f12b35d elementor-widget elementor-widget-tourmcontactinfo\" data-id=\"f12b35d\" data-element_type=\"widget\" data-e-type=\"widget\" data-widget_type=\"tourmcontactinfo.default\">\n\t\t\t\t<div class=\"elementor-widget-container\">\n\t\t\t\t\t<div class=\"row gy-4 justify-content-center\"><div class=\"col-xl-4 col-lg-6\"><div class=\"about-contact-grid style2\"><div class=\"about-contact-icon\"><img decoding=\"async\" src=\"https:\/\/wordpress.themeholy.com\/tourm\/wp-content\/uploads\/2024\/07\/location-dot2.svg\" alt=\"location dot2\"  \/><\/div><div class=\"about-contact-details\"><h6 class=\"box-title title\">Unsere Adresse<\/h6><p class=\"about-contact-details-text\">Meridiano Business Center Torre Davivienda Escazu, Costa Rica.<\/p><\/div><\/div><\/div><div class=\"col-xl-4 col-lg-6\"><div class=\"about-contact-grid style2\"><div class=\"about-contact-icon\"><img decoding=\"async\" src=\"https:\/\/wordpress.themeholy.com\/tourm\/wp-content\/uploads\/2024\/07\/call-1.svg\" alt=\"call 1\"  \/><\/div><div class=\"about-contact-details\"><h6 class=\"box-title title\">Telefonnummer<\/h6><p class=\"about-contact-details-text\"><a href=\"tel:+50625055026\">+506 2505 5026<\/a><\/p><\/div><\/div><\/div><div class=\"col-xl-4 col-lg-6\"><div class=\"about-contact-grid style2\"><div class=\"about-contact-icon\"><img decoding=\"async\" src=\"https:\/\/wordpress.themeholy.com\/tourm\/wp-content\/uploads\/2024\/07\/mail-1.svg\" alt=\"mail 1\"  \/><\/div><div class=\"about-contact-details\"><h6 class=\"box-title title\">E-Mail<\/h6><p class=\"about-contact-details-text\"><a href=\"mailto:products@dahlercostarica.com\">products@dahlercostarica.com<\/a><\/p><\/div><\/div><\/div><\/div>\t\t\t\t<\/div>\n\t\t\t\t<\/div>\n\t\t\t\t\t<\/div>\n\t\t\t\t<\/div>\n\t\t\t\t<\/div>\n\t\t<div class=\"elementor-element elementor-element-435aa23 e-flex e-con-boxed e-con e-parent\" data-id=\"435aa23\" data-element_type=\"container\" data-e-type=\"container\" data-settings=\"{&quot;background_background&quot;:&quot;classic&quot;}\">\n\t\t\t\t\t<div class=\"e-con-inner\">\n\t\t<div class=\"elementor-element elementor-element-58ddfa5 e-con-full e-flex e-con e-child\" data-id=\"58ddfa5\" data-element_type=\"container\" data-e-type=\"container\">\n\t\t\t\t<div class=\"elementor-element elementor-element-4f86f4a elementor-widget elementor-widget-tourmsectiontitle\" data-id=\"4f86f4a\" data-element_type=\"widget\" data-e-type=\"widget\" data-widget_type=\"tourmsectiontitle.default\">\n\t\t\t\t<div class=\"elementor-widget-container\">\n\t\t\t\t\t\t\t<div class=\"title-area text-center \">\r\n\t\t\t<span class=\"sub-title \">Sprich uns an!<\/span><h2 class=\"sec-title \">Unsere Kontakt Informationen<\/h2>\t\t<\/div>\r\n\r\n\t\t\t\t\t<\/div>\n\t\t\t\t<\/div>\n\t\t\t\t<div class=\"elementor-element elementor-element-800462b elementor-widget elementor-widget-tourmteam\" data-id=\"800462b\" data-element_type=\"widget\" data-e-type=\"widget\" data-widget_type=\"tourmteam.default\">\n\t\t\t\t<div class=\"elementor-widget-container\">\n\t\t\t\t\t<div class=\"slider-area arrow-wrap\"><div class=\"swiper th-slider teamSlider3 has-shadow\" id=\"teamSlider3\" data-slider-options='{\"breakpoints\":{\"0\":{\"slidesPerView\":1},\"576\":{\"slidesPerView\":\"1\"},\"768\":{\"slidesPerView\":\"2\"},\"992\":{\"slidesPerView\":\"3\"},\"1200\":{\"slidesPerView\":\"3\"}}}'><div class=\"swiper-wrapper\"><div class=\"swiper-slide\"><div class=\"th-team team-grid\"><div class=\"team-img\"><img decoding=\"async\" src=\"https:\/\/dahlercostarica.com\/wp-content\/uploads\/2025\/02\/Stephane-1.jpg\" alt=\"Stephane 1\"  \/><\/div><div class=\"team-img2\"><img decoding=\"async\" src=\"https:\/\/dahlercostarica.com\/wp-content\/uploads\/2025\/03\/Stephane1.jpg\" alt=\"Stephane1\"  \/><\/div><div class=\"team-content\"><div class=\"media-body\"><h3 class=\"box-title title\"><a href=\"https:\/\/dahlercostarica.com\/fr\/ueber-uns\/stephan\/\">Stephane<\/a><\/h3><span class=\"team-desig desig\">Reiseexperte<\/span><div class=\"th-social\"><\/div><\/div><\/div><\/div><\/div><div class=\"swiper-slide\"><div class=\"th-team team-grid\"><div class=\"team-img\"><img decoding=\"async\" src=\"https:\/\/dahlercostarica.com\/wp-content\/uploads\/2025\/02\/Guillaume.jpg\" alt=\"Guillaume\"  \/><\/div><div class=\"team-img2\"><img decoding=\"async\" src=\"https:\/\/dahlercostarica.com\/wp-content\/uploads\/2025\/02\/team_foto2.png\" alt=\"Team Guillaume\"  \/><\/div><div class=\"team-content\"><div class=\"media-body\"><h3 class=\"box-title title\"><a href=\"https:\/\/dahlercostarica.com\/fr\/ueber-uns\/guillaume\/\">Guillaume<\/a><\/h3><span class=\"team-desig desig\">Reiseexperte<\/span><div class=\"th-social\"><\/div><\/div><\/div><\/div><\/div><div class=\"swiper-slide\"><div class=\"th-team team-grid\"><div class=\"team-img\"><img decoding=\"async\" src=\"https:\/\/dahlercostarica.com\/wp-content\/uploads\/2025\/02\/Florian.jpg\" alt=\"Florian\"  \/><\/div><div class=\"team-img2\"><img decoding=\"async\" src=\"https:\/\/dahlercostarica.com\/wp-content\/uploads\/2025\/02\/team_foto3.png\" alt=\"Team Florian\"  \/><\/div><div class=\"team-content\"><div class=\"media-body\"><h3 class=\"box-title title\"><a href=\"https:\/\/dahlercostarica.com\/fr\/ueber-uns\/florian\/\">Florian<\/a><\/h3><span class=\"team-desig desig\">Reiseexperte<\/span><div class=\"th-social\"><\/div><\/div><\/div><\/div><\/div><div class=\"swiper-slide\"><div class=\"th-team team-grid\"><div class=\"team-img\"><img decoding=\"async\" src=\"https:\/\/dahlercostarica.com\/wp-content\/uploads\/2025\/02\/Tatiana.jpg\" alt=\"Tatiana\"  \/><\/div><div class=\"team-img2\"><img decoding=\"async\" src=\"https:\/\/dahlercostarica.com\/wp-content\/uploads\/2025\/02\/team_foto4.png\" alt=\"Team Tatiana\"  \/><\/div><div class=\"team-content\"><div class=\"media-body\"><h3 class=\"box-title title\"><a href=\"https:\/\/dahlercostarica.com\/fr\/ueber-uns\/tatiana\/\">Tatiana<\/a><\/h3><span class=\"team-desig desig\">Reiseexperte<\/span><div class=\"th-social\"><\/div><\/div><\/div><\/div><\/div><div class=\"swiper-slide\"><div class=\"th-team team-grid\"><div class=\"team-img\"><img decoding=\"async\" src=\"https:\/\/dahlercostarica.com\/wp-content\/uploads\/2025\/02\/Jazmin.jpg\" alt=\"Jazmin\"  \/><\/div><div class=\"team-img2\"><img decoding=\"async\" src=\"https:\/\/dahlercostarica.com\/wp-content\/uploads\/2025\/02\/team_foto5.png\" alt=\"jazmin\"  \/><\/div><div class=\"team-content\"><div class=\"media-body\"><h3 class=\"box-title title\"><a href=\"https:\/\/dahlercostarica.com\/fr\/ueber-uns\/jazmin\/\">Jazmin<\/a><\/h3><span class=\"team-desig desig\">Buchhaltung<\/span><div class=\"th-social\"><\/div><\/div><\/div><\/div><\/div><div class=\"swiper-slide\"><div class=\"th-team team-grid\"><div class=\"team-img\"><img decoding=\"async\" src=\"https:\/\/dahlercostarica.com\/wp-content\/uploads\/2025\/02\/Ernesto.jpg\" alt=\"Ernesto\"  \/><\/div><div class=\"team-img2\"><img decoding=\"async\" src=\"https:\/\/dahlercostarica.com\/wp-content\/uploads\/2025\/02\/team_foto6.png\" alt=\"Ernesto\"  \/><\/div><div class=\"team-content\"><div class=\"media-body\"><h3 class=\"box-title title\"><a href=\"https:\/\/dahlercostarica.com\/fr\/ueber-uns\/ernesto\/\">Ernesto<\/a><\/h3><span class=\"team-desig desig\">Logistikverantwortlicher<\/span><div class=\"th-social\"><\/div><\/div><\/div><\/div><\/div><div class=\"swiper-slide\"><div class=\"th-team team-grid\"><div class=\"team-img\"><img decoding=\"async\" src=\"https:\/\/dahlercostarica.com\/wp-content\/uploads\/2025\/02\/David.jpg\" alt=\"David\"  \/><\/div><div class=\"team-img2\"><img decoding=\"async\" src=\"https:\/\/dahlercostarica.com\/wp-content\/uploads\/2025\/02\/david.png\" alt=\"Nicaragua Reiseexperte David\"  \/><\/div><div class=\"team-content\"><div class=\"media-body\"><h3 class=\"box-title title\"><a href=\"https:\/\/dahlercostarica.com\/fr\/ueber-uns\/david\/\">David<\/a><\/h3><span class=\"team-desig desig\">Nicaragua Reisespezialist<\/span><div class=\"th-social\"><\/div><\/div><\/div><\/div><\/div><div class=\"swiper-slide\"><div class=\"th-team team-grid\"><div class=\"team-img\"><img decoding=\"async\" src=\"https:\/\/dahlercostarica.com\/wp-content\/uploads\/2025\/03\/Pauline-1.jpg\" alt=\"Pauline 1\"  \/><\/div><div class=\"team-img2\"><img decoding=\"async\" src=\"https:\/\/dahlercostarica.com\/wp-content\/uploads\/2025\/03\/Pauline.jpg\" alt=\"Team Pauline\"  \/><\/div><div class=\"team-content\"><div class=\"media-body\"><h3 class=\"box-title title\"><a href=\"https:\/\/dahlercostarica.com\/fr\/ueber-uns\/pauline-2\/\">Pauline<\/a><\/h3><span class=\"team-desig desig\">Reiseexperte<\/span><div class=\"th-social\"><\/div><\/div><\/div><\/div><\/div><div class=\"swiper-slide\"><div class=\"th-team team-grid\"><div class=\"team-img\"><img decoding=\"async\" src=\"https:\/\/dahlercostarica.com\/wp-content\/uploads\/2025\/03\/Bea-1.jpg\" alt=\"Bea 1\"  \/><\/div><div class=\"team-img2\"><img decoding=\"async\" src=\"https:\/\/dahlercostarica.com\/wp-content\/uploads\/2025\/03\/Bea.jpg\" alt=\"Reiseleiterin Bea\"  \/><\/div><div class=\"team-content\"><div class=\"media-body\"><h3 class=\"box-title title\"><a href=\"https:\/\/dahlercostarica.com\/fr\/ueber-uns\/bea-2\/\">Bea<\/a><\/h3><span class=\"team-desig desig\">Spezialistin f\u00fcr Outdoor und Camping<\/span><div class=\"th-social\"><\/div><\/div><\/div><\/div><\/div><\/div><div class=\"slider-pagination\"><\/div><\/div><button data-slider-prev=\"#teamSlider3\" class=\"slider-arrow slider-prev\"><img decoding=\"async\" src=\"https:\/\/dahlercostarica.com\/wp-content\/plugins\/tourm-core\/assets\/\/img\/icon\/right-arrow2.svg\" alt=\"\"><\/button><button data-slider-next=\"#teamSlider3\" class=\"slider-arrow slider-next\"><img decoding=\"async\" src=\"https:\/\/dahlercostarica.com\/wp-content\/plugins\/tourm-core\/assets\/\/img\/icon\/left-arrow2.svg\" alt=\"\"><\/button><\/div>\t\t\t\t<\/div>\n\t\t\t\t<\/div>\n\t\t\t\t<\/div>\n\t\t\t\t\t<\/div>\n\t\t\t\t<\/div>\n\t\t\t\t<\/div>\n\t\t","protected":false},"excerpt":{"rendered":"<p>Bea Spezialistin f\u00fcr Outdoor und Camping Bea \u2013 La passionn\u00e9e de plein air aux racines suisses Bea, notre experte en voyages polyvalente, a os\u00e9 franchir le pas et a \u00e9chang\u00e9 sa vie en Suisse contre une aventure au Costa Rica. En tant qu&#8217;ancienne enseignante, elle \u00e9tait \u00e0 la recherche de nouveaux horizons et d&#8217;un style&#8230;<\/p>\n","protected":false},"author":1,"featured_media":8677,"parent":8359,"menu_order":0,"comment_status":"closed","ping_status":"closed","template":"template-builder.php","meta":{"_monsterinsights_skip_tracking":false,"_monsterinsights_sitenote_active":false,"_monsterinsights_sitenote_note":"","_monsterinsights_sitenote_category":0,"footnotes":""},"class_list":["post-8173","page","type-page","status-publish","has-post-thumbnail","hentry"],"yoast_head":"<!-- This site is optimized with the Yoast SEO plugin v27.4 - https:\/\/yoast.com\/product\/yoast-seo-wordpress\/ -->\n<title>Bea - Swiss Tropical Tourism<\/title>\n<meta name=\"robots\" content=\"index, follow, max-snippet:-1, max-image-preview:large, max-video-preview:-1\" \/>\n<link rel=\"canonical\" href=\"https:\/\/dahlercostarica.com\/fr\/agence-de-voyage\/bea\/\" \/>\n<meta property=\"og:locale\" content=\"fr_FR\" \/>\n<meta property=\"og:type\" content=\"article\" \/>\n<meta property=\"og:title\" content=\"Bea - Swiss Tropical Tourism\" \/>\n<meta property=\"og:description\" content=\"Bea Spezialistin f\u00fcr Outdoor und Camping Bea \u2013 La passionn\u00e9e de plein air aux racines suisses Bea, notre experte en voyages polyvalente, a os\u00e9 franchir le pas et a \u00e9chang\u00e9 sa vie en Suisse contre une aventure au Costa Rica. En tant qu&#8217;ancienne enseignante, elle \u00e9tait \u00e0 la recherche de nouveaux horizons et d&#8217;un style...\" \/>\n<meta property=\"og:url\" content=\"https:\/\/dahlercostarica.com\/fr\/agence-de-voyage\/bea\/\" \/>\n<meta property=\"og:site_name\" content=\"Swiss Tropical Tourism\" \/>\n<meta property=\"article:publisher\" content=\"https:\/\/www.facebook.com\/SwissTropicalTourism\" \/>\n<meta property=\"article:modified_time\" content=\"2025-11-15T01:16:46+00:00\" \/>\n<meta property=\"og:image\" content=\"https:\/\/dahlercostarica.com\/wp-content\/uploads\/2025\/03\/Bea.jpg\" \/>\n\t<meta property=\"og:image:width\" content=\"800\" \/>\n\t<meta property=\"og:image:height\" content=\"800\" \/>\n\t<meta property=\"og:image:type\" content=\"image\/jpeg\" \/>\n<meta name=\"twitter:card\" content=\"summary_large_image\" \/>\n<meta name=\"twitter:label1\" content=\"Dur\u00e9e de lecture estim\u00e9e\" \/>\n\t<meta name=\"twitter:data1\" content=\"7 minutes\" \/>\n<script type=\"application\/ld+json\" class=\"yoast-schema-graph\">{\"@context\":\"https:\\\/\\\/schema.org\",\"@graph\":[{\"@type\":\"WebPage\",\"@id\":\"https:\\\/\\\/dahlercostarica.com\\\/fr\\\/agence-de-voyage\\\/bea\\\/\",\"url\":\"https:\\\/\\\/dahlercostarica.com\\\/fr\\\/agence-de-voyage\\\/bea\\\/\",\"name\":\"Bea - Swiss Tropical Tourism\",\"isPartOf\":{\"@id\":\"https:\\\/\\\/dahlercostarica.com\\\/fr\\\/#website\"},\"primaryImageOfPage\":{\"@id\":\"https:\\\/\\\/dahlercostarica.com\\\/fr\\\/agence-de-voyage\\\/bea\\\/#primaryimage\"},\"image\":{\"@id\":\"https:\\\/\\\/dahlercostarica.com\\\/fr\\\/agence-de-voyage\\\/bea\\\/#primaryimage\"},\"thumbnailUrl\":\"https:\\\/\\\/dahlercostarica.com\\\/wp-content\\\/uploads\\\/2025\\\/03\\\/Bea.jpg\",\"datePublished\":\"2025-03-21T00:06:48+00:00\",\"dateModified\":\"2025-11-15T01:16:46+00:00\",\"breadcrumb\":{\"@id\":\"https:\\\/\\\/dahlercostarica.com\\\/fr\\\/agence-de-voyage\\\/bea\\\/#breadcrumb\"},\"inLanguage\":\"fr-FR\",\"potentialAction\":[{\"@type\":\"ReadAction\",\"target\":[\"https:\\\/\\\/dahlercostarica.com\\\/fr\\\/agence-de-voyage\\\/bea\\\/\"]}]},{\"@type\":\"ImageObject\",\"inLanguage\":\"fr-FR\",\"@id\":\"https:\\\/\\\/dahlercostarica.com\\\/fr\\\/agence-de-voyage\\\/bea\\\/#primaryimage\",\"url\":\"https:\\\/\\\/dahlercostarica.com\\\/wp-content\\\/uploads\\\/2025\\\/03\\\/Bea.jpg\",\"contentUrl\":\"https:\\\/\\\/dahlercostarica.com\\\/wp-content\\\/uploads\\\/2025\\\/03\\\/Bea.jpg\",\"width\":800,\"height\":800,\"caption\":\"Reiseleiterin Bea\"},{\"@type\":\"BreadcrumbList\",\"@id\":\"https:\\\/\\\/dahlercostarica.com\\\/fr\\\/agence-de-voyage\\\/bea\\\/#breadcrumb\",\"itemListElement\":[{\"@type\":\"ListItem\",\"position\":1,\"name\":\"Accueil\",\"item\":\"https:\\\/\\\/dahlercostarica.com\\\/fr\\\/\"},{\"@type\":\"ListItem\",\"position\":2,\"name\":\"Agence de voyage\",\"item\":\"https:\\\/\\\/dahlercostarica.com\\\/fr\\\/reiseagentur\\\/\"},{\"@type\":\"ListItem\",\"position\":3,\"name\":\"Bea\"}]},{\"@type\":\"WebSite\",\"@id\":\"https:\\\/\\\/dahlercostarica.com\\\/fr\\\/#website\",\"url\":\"https:\\\/\\\/dahlercostarica.com\\\/fr\\\/\",\"name\":\"Swiss Tropical Tourism\",\"description\":\"Reiseagentur\",\"potentialAction\":[{\"@type\":\"SearchAction\",\"target\":{\"@type\":\"EntryPoint\",\"urlTemplate\":\"https:\\\/\\\/dahlercostarica.com\\\/fr\\\/?s={search_term_string}\"},\"query-input\":{\"@type\":\"PropertyValueSpecification\",\"valueRequired\":true,\"valueName\":\"search_term_string\"}}],\"inLanguage\":\"fr-FR\"}]}<\/script>\n<!-- \/ Yoast SEO plugin. -->","yoast_head_json":{"title":"Bea - Swiss Tropical Tourism","robots":{"index":"index","follow":"follow","max-snippet":"max-snippet:-1","max-image-preview":"max-image-preview:large","max-video-preview":"max-video-preview:-1"},"canonical":"https:\/\/dahlercostarica.com\/fr\/agence-de-voyage\/bea\/","og_locale":"fr_FR","og_type":"article","og_title":"Bea - Swiss Tropical Tourism","og_description":"Bea Spezialistin f\u00fcr Outdoor und Camping Bea \u2013 La passionn\u00e9e de plein air aux racines suisses Bea, notre experte en voyages polyvalente, a os\u00e9 franchir le pas et a \u00e9chang\u00e9 sa vie en Suisse contre une aventure au Costa Rica. En tant qu&#8217;ancienne enseignante, elle \u00e9tait \u00e0 la recherche de nouveaux horizons et d&#8217;un style...","og_url":"https:\/\/dahlercostarica.com\/fr\/agence-de-voyage\/bea\/","og_site_name":"Swiss Tropical Tourism","article_publisher":"https:\/\/www.facebook.com\/SwissTropicalTourism","article_modified_time":"2025-11-15T01:16:46+00:00","og_image":[{"width":800,"height":800,"url":"https:\/\/dahlercostarica.com\/wp-content\/uploads\/2025\/03\/Bea.jpg","type":"image\/jpeg"}],"twitter_card":"summary_large_image","twitter_misc":{"Dur\u00e9e de lecture estim\u00e9e":"7 minutes"},"schema":{"@context":"https:\/\/schema.org","@graph":[{"@type":"WebPage","@id":"https:\/\/dahlercostarica.com\/fr\/agence-de-voyage\/bea\/","url":"https:\/\/dahlercostarica.com\/fr\/agence-de-voyage\/bea\/","name":"Bea - Swiss Tropical Tourism","isPartOf":{"@id":"https:\/\/dahlercostarica.com\/fr\/#website"},"primaryImageOfPage":{"@id":"https:\/\/dahlercostarica.com\/fr\/agence-de-voyage\/bea\/#primaryimage"},"image":{"@id":"https:\/\/dahlercostarica.com\/fr\/agence-de-voyage\/bea\/#primaryimage"},"thumbnailUrl":"https:\/\/dahlercostarica.com\/wp-content\/uploads\/2025\/03\/Bea.jpg","datePublished":"2025-03-21T00:06:48+00:00","dateModified":"2025-11-15T01:16:46+00:00","breadcrumb":{"@id":"https:\/\/dahlercostarica.com\/fr\/agence-de-voyage\/bea\/#breadcrumb"},"inLanguage":"fr-FR","potentialAction":[{"@type":"ReadAction","target":["https:\/\/dahlercostarica.com\/fr\/agence-de-voyage\/bea\/"]}]},{"@type":"ImageObject","inLanguage":"fr-FR","@id":"https:\/\/dahlercostarica.com\/fr\/agence-de-voyage\/bea\/#primaryimage","url":"https:\/\/dahlercostarica.com\/wp-content\/uploads\/2025\/03\/Bea.jpg","contentUrl":"https:\/\/dahlercostarica.com\/wp-content\/uploads\/2025\/03\/Bea.jpg","width":800,"height":800,"caption":"Reiseleiterin Bea"},{"@type":"BreadcrumbList","@id":"https:\/\/dahlercostarica.com\/fr\/agence-de-voyage\/bea\/#breadcrumb","itemListElement":[{"@type":"ListItem","position":1,"name":"Accueil","item":"https:\/\/dahlercostarica.com\/fr\/"},{"@type":"ListItem","position":2,"name":"Agence de voyage","item":"https:\/\/dahlercostarica.com\/fr\/reiseagentur\/"},{"@type":"ListItem","position":3,"name":"Bea"}]},{"@type":"WebSite","@id":"https:\/\/dahlercostarica.com\/fr\/#website","url":"https:\/\/dahlercostarica.com\/fr\/","name":"Swiss Tropical Tourism","description":"Reiseagentur","potentialAction":[{"@type":"SearchAction","target":{"@type":"EntryPoint","urlTemplate":"https:\/\/dahlercostarica.com\/fr\/?s={search_term_string}"},"query-input":{"@type":"PropertyValueSpecification","valueRequired":true,"valueName":"search_term_string"}}],"inLanguage":"fr-FR"}]}},"_links":{"self":[{"href":"https:\/\/dahlercostarica.com\/fr\/wp-json\/wp\/v2\/pages\/8173","targetHints":{"allow":["GET"]}}],"collection":[{"href":"https:\/\/dahlercostarica.com\/fr\/wp-json\/wp\/v2\/pages"}],"about":[{"href":"https:\/\/dahlercostarica.com\/fr\/wp-json\/wp\/v2\/types\/page"}],"author":[{"embeddable":true,"href":"https:\/\/dahlercostarica.com\/fr\/wp-json\/wp\/v2\/users\/1"}],"replies":[{"embeddable":true,"href":"https:\/\/dahlercostarica.com\/fr\/wp-json\/wp\/v2\/comments?post=8173"}],"version-history":[{"count":4,"href":"https:\/\/dahlercostarica.com\/fr\/wp-json\/wp\/v2\/pages\/8173\/revisions"}],"predecessor-version":[{"id":9076,"href":"https:\/\/dahlercostarica.com\/fr\/wp-json\/wp\/v2\/pages\/8173\/revisions\/9076"}],"up":[{"embeddable":true,"href":"https:\/\/dahlercostarica.com\/fr\/wp-json\/wp\/v2\/pages\/8359"}],"wp:featuredmedia":[{"embeddable":true,"href":"https:\/\/dahlercostarica.com\/fr\/wp-json\/wp\/v2\/media\/8677"}],"wp:attachment":[{"href":"https:\/\/dahlercostarica.com\/fr\/wp-json\/wp\/v2\/media?parent=8173"}],"curies":[{"name":"wp","href":"https:\/\/api.w.org\/{rel}","templated":true}]}}