{"id":8177,"date":"2025-05-01T15:11:04","date_gmt":"2025-05-01T21:11:04","guid":{"rendered":"https:\/\/dahlercostarica.com\/ferme-dananas\/"},"modified":"2025-11-11T13:14:48","modified_gmt":"2025-11-11T19:14:48","slug":"ferme-dananas","status":"publish","type":"page","link":"https:\/\/dahlercostarica.com\/fr\/ferme-dananas\/","title":{"rendered":"Ferme d&#8217;ananas"},"content":{"rendered":"\t\t<div data-elementor-type=\"wp-page\" data-elementor-id=\"8177\" class=\"elementor elementor-8177 elementor-7654\">\n\t\t\t\t<div class=\"elementor-element elementor-element-b237829 e-flex e-con-boxed e-con e-parent\" data-id=\"b237829\" data-element_type=\"container\" data-e-type=\"container\" data-settings=\"{&quot;background_background&quot;:&quot;classic&quot;}\">\n\t\t\t\t\t<div class=\"e-con-inner\">\n\t\t\r\n\t\t<div class=\"elementor-element elementor-element-989348a elementor-widget__width-initial elementor-widget-mobile__width-inherit elementor-widget elementor-widget-tourmsectiontitle\" data-id=\"989348a\" data-element_type=\"widget\" data-e-type=\"widget\" data-widget_type=\"tourmsectiontitle.default\">\n\t\t\t\t<div class=\"elementor-widget-container\">\n\t\t\t\t\t\t\t<div class=\"title-area text-center \">\r\n\t\t\t<h1 class=\"sec-title \">Plantation d&#039;ananas<\/h1>\t\t<\/div>\r\n\r\n\t\t\t\t\t<\/div>\n\t\t\t\t<\/div>\n\t\t\t\t\t<\/div>\n\t\t\t\t<\/div>\n\t\t<div class=\"elementor-element elementor-element-ae0c789 e-con-full e-flex e-con e-parent\" data-id=\"ae0c789\" data-element_type=\"container\" data-e-type=\"container\">\n\t\t\t\t<div class=\"elementor-element elementor-element-e76ccfe elementor-widget__width-initial elementor-widget-mobile__width-inherit elementor-widget elementor-widget-tourmsectiontitle\" data-id=\"e76ccfe\" data-element_type=\"widget\" data-e-type=\"widget\" data-widget_type=\"tourmsectiontitle.default\">\n\t\t\t\t<div class=\"elementor-widget-container\">\n\t\t\t\t\t\t\t<div class=\"title-area text-center \">\r\n\t\t\t<span class=\"sub-title \">Hacienda Roswitha : Plantation d&#039;ananas<\/span><h2 class=\"sec-title \">L&#039;h\u00e9ritage du roi de l&#039;ananas<\/h2>\t\t<\/div>\r\n\r\n\t\t\t\t\t<\/div>\n\t\t\t\t<\/div>\n\t\t<div class=\"elementor-element elementor-element-835b840 e-flex e-con-boxed e-con e-child\" data-id=\"835b840\" data-element_type=\"container\" data-e-type=\"container\">\n\t\t\t\t\t<div class=\"e-con-inner\">\n\t\t<div class=\"elementor-element elementor-element-50c694f e-con-full e-flex e-con e-child\" data-id=\"50c694f\" data-element_type=\"container\" data-e-type=\"container\">\n\t\t\t\t<div class=\"elementor-element elementor-element-5887cb1 elementor-widget elementor-widget-tourmimage\" data-id=\"5887cb1\" data-element_type=\"widget\" data-e-type=\"widget\" data-widget_type=\"tourmimage.default\">\n\t\t\t\t<div class=\"elementor-widget-container\">\n\t\t\t\t\t<div class=\"img-box3\"><div class=\"img1\"><img decoding=\"async\" src=\"https:\/\/dahlercostarica.com\/wp-content\/uploads\/2025\/05\/1.jpg\" alt=\"Weite Ananasfelder der Hacienda Roswitha in Sarapiqu\u00ed, Costa Rica.\"  \/><\/div><div class=\"img2\"><img decoding=\"async\" src=\"https:\/\/dahlercostarica.com\/wp-content\/uploads\/2025\/05\/Ananas.jpg\" alt=\"Mitarbeiter verpacken frische D\u00e4hler Ananas in Exportkartons f\u00fcr den Versand in die Schweiz.\"  \/><\/div><div class=\"img3 movingX\"><img decoding=\"async\" src=\"https:\/\/dahlercostarica.com\/wp-content\/uploads\/2025\/05\/Ananas-1.jpg\" alt=\"Nahaufnahme einer jungen Ananasfrucht auf der Pflanze in der Hacienda Roswitha.\"  \/><\/div><\/div>\t\t\t\t<\/div>\n\t\t\t\t<\/div>\n\t\t\t\t<\/div>\n\t\t<div class=\"elementor-element elementor-element-4f3f988 e-con-full e-flex e-con e-child\" data-id=\"4f3f988\" data-element_type=\"container\" data-e-type=\"container\">\n\t\t\t\t<div class=\"elementor-element elementor-element-79f811a elementor-widget__width-initial elementor-widget-mobile__width-inherit elementor-widget elementor-widget-text-editor\" data-id=\"79f811a\" data-element_type=\"widget\" data-e-type=\"widget\" data-widget_type=\"text-editor.default\">\n\t\t\t\t<div class=\"elementor-widget-container\">\n\t\t\t\t\t\t\t\t\t<h3><b>De l&#8217;Afrique au Costa Rica : La douce success story de la famille D\u00e4hler<\/b><\/h3><p><span style=\"font-weight: 400;\">L&#8217;histoire de la famille D\u00e4hler est un voyage \u00e0 travers trois continents. Dans les ann\u00e9es 1980, Johann D\u00e4hler a commenc\u00e9 \u00e0 cultiver des ananas en C\u00f4te d&#8217;Ivoire et est rapidement devenu connu comme le \u00ab roi de l&#8217;ananas \u00bb. Apr\u00e8s des troubles politiques et la perte de leur plantation, la famille est retourn\u00e9e en Suisse. Mais le r\u00eave de cultiver des ananas est rest\u00e9 bien vivant.   <\/span><\/p><p><span style=\"font-weight: 400;\">En 2003, Johann D\u00e4hler a d\u00e9m\u00e9nag\u00e9 au Costa Rica avec son fils Jan et a fond\u00e9 l&#8217;Hacienda Roswitha \u00e0 Sarapiqu\u00ed. Gr\u00e2ce \u00e0 des conditions climatiques id\u00e9ales et \u00e0 un sol fertile, la famille a recommenc\u00e9 \u00e0 cultiver des ananas. Aujourd&#8217;hui, la plantation s&#8217;\u00e9tend sur 780 hectares, dont 450 hectares sont consacr\u00e9s \u00e0 la production d&#8217;ananas, tandis que le reste est constitu\u00e9 de for\u00eat tropicale prot\u00e9g\u00e9e et de p\u00e2turages pour les buffles d&#8217;eau. La famille exporte chaque ann\u00e9e entre 300 et 400 tonnes d&#8217;ananas aux \u00c9tats-Unis, au Canada, en Europe et en Suisse.   <\/span><\/p>\t\t\t\t\t\t\t\t<\/div>\n\t\t\t\t<\/div>\n\t\t\t\t<\/div>\n\t\t\t\t\t<\/div>\n\t\t\t\t<\/div>\n\t\t\t\t<div class=\"elementor-element elementor-element-b2ced8b elementor-widget__width-initial elementor-widget-mobile__width-inherit elementor-widget elementor-widget-text-editor\" data-id=\"b2ced8b\" data-element_type=\"widget\" data-e-type=\"widget\" data-widget_type=\"text-editor.default\">\n\t\t\t\t<div class=\"elementor-widget-container\">\n\t\t\t\t\t\t\t\t\t<h3><b>L&#8217;\u00e9levage de buffles comme \u00e9l\u00e9ment du concept durable<\/b><\/h3><p><span style=\"font-weight: 400;\">Un \u00e9l\u00e9ment particulier de l&#8217;Hacienda est l&#8217;\u00e9levage de buffles d&#8217;eau, qui est utilis\u00e9 de mani\u00e8re cibl\u00e9e pour exploiter de mani\u00e8re optimale les zones de sol humides et mar\u00e9cageuses qui sont moins adapt\u00e9es \u00e0 la culture de l&#8217;ananas. Les buffles contribuent \u00e0 l&#8217;entretien du paysage, favorisent la biodiversit\u00e9 et aident \u00e0 pr\u00e9server les habitats naturels. <\/span><\/p><p><span style=\"font-weight: 400;\">De plus, la famille produit de la viande de buffle de haute qualit\u00e9, qui est appr\u00e9ci\u00e9e dans la r\u00e9gion comme une source de prot\u00e9ines durable et saine. Cette int\u00e9gration de l&#8217;\u00e9levage et de la culture fait de l&#8217;Hacienda Roswitha un mod\u00e8le d&#8217;exploitation pour l&#8217;agriculture r\u00e9g\u00e9n\u00e9rative. <\/span><\/p><h3><b>La durabilit\u00e9 au centre<\/b><\/h3><p><span style=\"font-weight: 400;\">Pour la famille D\u00e4hler, la durabilit\u00e9 n&#8217;est pas une option, mais une \u00e9vidence. La Finca Roswitha mise sur des m\u00e9thodes de culture respectueuses de l&#8217;environnement, notamment la protection contre l&#8217;\u00e9rosion, la gestion durable de l&#8217;eau, l&#8217;\u00e9nergie solaire et une am\u00e9lioration continue de la fertilit\u00e9 des sols. <\/span><\/p><p><span style=\"font-weight: 400;\">L&#8217;engagement social n&#8217;est pas en reste : la famille soutient des projets locaux d&#8217;\u00e9ducation et de sant\u00e9, cr\u00e9e des emplois \u00e9quitables et propose des formations continues \u00e0 ses employ\u00e9s.<\/span><\/p><p><span style=\"font-weight: 400;\">Ainsi, la production d&#8217;ananas devient non seulement un mod\u00e8le de r\u00e9ussite \u00e9conomique, mais aussi un projet social et \u00e9cologique exemplaire.<\/span><\/p><h3><b>L&#8217;Hacienda Roswitha est plus qu&#8217;une simple plantation<\/b><\/h3><p><span style=\"font-weight: 400;\">C&#8217;est un lieu d&#8217;apprentissage et de d\u00e9couverte. Les visiteurs peuvent participer \u00e0 une visite guid\u00e9e de l&#8217;ananas, au cours de laquelle ils d\u00e9couvrent l&#8217;ensemble du processus de production &#8211; de la plantation \u00e0 la r\u00e9colte &#8211; et ont la possibilit\u00e9 de go\u00fbter des ananas frais directement du champ. <\/span><\/p><h3><b>D\u00e9couvrez l&#8217;histoire du roi de l&#8217;ananas de pr\u00e8s &#8211; notre visite de l&#8217;ananas<\/b><\/h3><p><span style=\"font-weight: 400;\">Si vous souhaitez d\u00e9couvrir l&#8217;histoire de la famille et d\u00e9couvrir par vous-m\u00eame l&#8217;origine de ce fruit particulier, vous \u00eates cordialement invit\u00e9s \u00e0 notre visite de l&#8217;ananas \u00e0 la Finca Roswitha. La visite offre un aper\u00e7u fascinant de la vie quotidienne de la plantation &#8211; des semis \u00e0 la pr\u00e9paration \u00e0 l&#8217;exportation. <\/span><\/p><p><b>Qu&#8217;est-ce qui vous attend ?<\/b><\/p><ul><li style=\"font-weight: 400;\" aria-level=\"1\"><span style=\"font-weight: 400;\">Une promenade dans les champs avec des informations passionnantes sur la culture et l&#8217;entretien des plantes<\/span><\/li><li style=\"font-weight: 400;\" aria-level=\"1\"><span style=\"font-weight: 400;\">Aper\u00e7u de l&#8217;agriculture durable et de la responsabilit\u00e9 \u00e9cologique<\/span><span style=\"font-weight: 400;\"><br><\/span><span style=\"font-weight: 400;\">D\u00e9monstration des m\u00e9thodes de r\u00e9colte et de tri<\/span><\/li><li style=\"font-weight: 400;\" aria-level=\"1\"><span style=\"font-weight: 400;\">D\u00e9gustation d&#8217;ananas frais directement du champ &#8211; on ne peut pas faire plus sucr\u00e9 !<\/span><\/li><li style=\"font-weight: 400;\" aria-level=\"1\"><span style=\"font-weight: 400;\">\u00c9change avec les membres de la famille D\u00e4hler et notre \u00e9quipe engag\u00e9e<\/span><\/li><\/ul><p><span style=\"font-weight: 400;\">La visite est id\u00e9ale pour les<\/span> <b>amoureux de la nature, les familles, les voyageurs \u00e9ducatifs<\/b> <span style=\"font-weight: 400;\">et tous ceux qui veulent savoir d&#8217;o\u00f9 viennent vraiment leurs fruits. Que ce soit pour une excursion d&#8217;une journ\u00e9e au d\u00e9part de San Jos\u00e9 ou dans le cadre d&#8217;un circuit, une visite \u00e0 la Finca Roswitha reste inoubliable.<\/span><\/p><p><span style=\"font-weight: 400;\">\ud83d\udccd<\/span> <b>Informations sur la visite et r\u00e9servation :<\/b><b><br><\/b><a href=\"https:\/\/wetu.com\/Itinerary\/DayTour\/2e72452e-a905-4a4e-8454-2c3a0c5d6227\"><span style=\"font-weight: 400;\">Cliquez ici pour plus de d\u00e9tails sur la visite de l&#8217;ananas<\/span><\/a><\/p><h3><b>Une famille, une vision<\/b><\/h3><p><span style=\"font-weight: 400;\">Derri\u00e8re tout cela, il y a la conviction que l&#8217;agriculture ne cr\u00e9e pas seulement de la nourriture, mais aussi des liens &#8211; avec la nature, avec les populations locales et avec les consommateurs du monde entier.<\/span><\/p><p><span style=\"font-weight: 400;\">La famille D\u00e4hler vit cette philosophie chaque jour : Avec la pr\u00e9cision suisse, l&#8217;exp\u00e9rience de vie africaine et la passion costaricienne, un projet unique a vu le jour \u00e0 la Finca Roswitha, qui va bien au-del\u00e0 de l&#8217;ananas.<\/span><\/p><h3><span style=\"font-weight: 400;\">Que ce soit en tant que marque d&#8217;exportation, destination de voyage ou projet \u00e9ducatif, l&#8217;<\/span><b>ananas D\u00e4hler<\/b><span style=\"font-weight: 400;\"> est un symbole de plaisir durable et de responsabilit\u00e9 v\u00e9cue.<\/span><\/h3>\t\t\t\t\t\t\t\t<\/div>\n\t\t\t\t<\/div>\n\t\t\t\t<\/div>\n\t\t<div class=\"elementor-element elementor-element-653475f e-con-full e-flex e-con e-parent\" data-id=\"653475f\" data-element_type=\"container\" data-e-type=\"container\">\n\t\t\t\t<div class=\"elementor-element elementor-element-ad7a4fb elementor-widget elementor-widget-tourmsliderimage\" data-id=\"ad7a4fb\" data-element_type=\"widget\" data-e-type=\"widget\" data-widget_type=\"tourmsliderimage.default\">\n\t\t\t\t<div class=\"elementor-widget-container\">\n\t\t\t\t\t<div class=\"sidebar-gallery-area space\"><div class=\"container-fluid\"><div class=\"slider-area\"><div class=\"swiper th-slider has-shadow\" data-slider-options='{\"centeredSlides\":\"true\",\"breakpoints\":{\"0\":{\"slidesPerView\":1},\"576\":{\"slidesPerView\":\"2\"},\"768\":{\"slidesPerView\":\"2\"},\"992\":{\"slidesPerView\":\"3\"},\"1200\":{\"slidesPerView\":\"3\"},\"1300\":{\"slidesPerView\":\"4\"}}}'><div class=\"swiper-wrapper\"><div class=\"swiper-slide\"><div class=\"gallery-thumb style2 global-img\"><img decoding=\"async\" src=\"https:\/\/dahlercostarica.com\/wp-content\/uploads\/2025\/03\/Weihnachten1.jpg\" alt=\"Weihnachten1\"  \/><a target=\"_blank\" href=\"https:\/\/www.instagram.com\/\" class=\"gallery-btn\"><i class=\"fab fa-instagram\"><\/i><\/a><\/div><\/div><div class=\"swiper-slide\"><div class=\"gallery-thumb style2 global-img\"><img decoding=\"async\" src=\"https:\/\/dahlercostarica.com\/wp-content\/uploads\/2025\/03\/Weihnachten.jpg\" alt=\"Weihnachten\"  \/><a target=\"_blank\" href=\"https:\/\/www.instagram.com\/\" class=\"gallery-btn\"><i class=\"fab fa-instagram\"><\/i><\/a><\/div><\/div><div class=\"swiper-slide\"><div class=\"gallery-thumb style2 global-img\"><img decoding=\"async\" src=\"https:\/\/dahlercostarica.com\/wp-content\/uploads\/2025\/03\/Tortuguero.jpg\" alt=\"Tortuguero\"  \/><a target=\"_blank\" href=\"https:\/\/www.instagram.com\/\" class=\"gallery-btn\"><i class=\"fab fa-instagram\"><\/i><\/a><\/div><\/div><div class=\"swiper-slide\"><div class=\"gallery-thumb style2 global-img\"><img decoding=\"async\" src=\"https:\/\/dahlercostarica.com\/wp-content\/uploads\/2025\/03\/Tortuga.jpg\" alt=\"Tortuga\"  \/><a target=\"_blank\" href=\"https:\/\/www.instagram.com\/\" class=\"gallery-btn\"><i class=\"fab fa-instagram\"><\/i><\/a><\/div><\/div><div class=\"swiper-slide\"><div class=\"gallery-thumb style2 global-img\"><img decoding=\"async\" src=\"https:\/\/dahlercostarica.com\/wp-content\/uploads\/2025\/03\/Strand-sauber.jpg\" alt=\"Strand sauber\"  \/><a target=\"_blank\" href=\"https:\/\/www.instagram.com\/\" class=\"gallery-btn\"><i class=\"fab fa-instagram\"><\/i><\/a><\/div><\/div><div class=\"swiper-slide\"><div class=\"gallery-thumb style2 global-img\"><img decoding=\"async\" src=\"https:\/\/dahlercostarica.com\/wp-content\/uploads\/2025\/03\/Puma.jpg\" alt=\"Puma\"  \/><a target=\"_blank\" href=\"https:\/\/www.instagram.com\/\" class=\"gallery-btn\"><i class=\"fab fa-instagram\"><\/i><\/a><\/div><\/div><div class=\"swiper-slide\"><div class=\"gallery-thumb style2 global-img\"><img decoding=\"async\" src=\"https:\/\/dahlercostarica.com\/wp-content\/uploads\/2025\/03\/Pflanzen.jpg\" alt=\"Pflanzen\"  \/><a target=\"_blank\" href=\"https:\/\/www.instagram.com\/\" class=\"gallery-btn\"><i class=\"fab fa-instagram\"><\/i><\/a><\/div><\/div><div class=\"swiper-slide\"><div class=\"gallery-thumb style2 global-img\"><img decoding=\"async\" src=\"https:\/\/dahlercostarica.com\/wp-content\/uploads\/2025\/03\/Hilfe.jpg\" alt=\"Hilfe\"  \/><a target=\"_blank\" href=\"https:\/\/www.instagram.com\/\" class=\"gallery-btn\"><i class=\"fab fa-instagram\"><\/i><\/a><\/div><\/div><div class=\"swiper-slide\"><div class=\"gallery-thumb style2 global-img\"><img decoding=\"async\" src=\"https:\/\/dahlercostarica.com\/wp-content\/uploads\/2025\/03\/EPP-Dahler.jpg\" alt=\"EPP Dahler\"  \/><a target=\"_blank\" href=\"https:\/\/www.instagram.com\/\" class=\"gallery-btn\"><i class=\"fab fa-instagram\"><\/i><\/a><\/div><\/div><div class=\"swiper-slide\"><div class=\"gallery-thumb style2 global-img\"><img decoding=\"async\" src=\"https:\/\/dahlercostarica.com\/wp-content\/uploads\/2025\/03\/Clinique-Mobile.jpg\" alt=\"Clinique Mobile\"  \/><a target=\"_blank\" href=\"https:\/\/www.instagram.com\/\" class=\"gallery-btn\"><i class=\"fab fa-instagram\"><\/i><\/a><\/div><\/div><div class=\"swiper-slide\"><div class=\"gallery-thumb style2 global-img\"><img decoding=\"async\" src=\"https:\/\/dahlercostarica.com\/wp-content\/uploads\/2025\/03\/Agro.jpg\" alt=\"Agro\"  \/><a target=\"_blank\" href=\"https:\/\/www.instagram.com\/\" class=\"gallery-btn\"><i class=\"fab fa-instagram\"><\/i><\/a><\/div><\/div><div class=\"swiper-slide\"><div class=\"gallery-thumb style2 global-img\"><img decoding=\"async\" src=\"https:\/\/dahlercostarica.com\/wp-content\/uploads\/2025\/03\/Kinder.jpg\" alt=\"Kinder\"  \/><a target=\"_blank\" href=\"https:\/\/www.instagram.com\/\" class=\"gallery-btn\"><i class=\"fab fa-instagram\"><\/i><\/a><\/div><\/div><\/div><\/div><\/div><\/div><\/div>\t\t\t\t<\/div>\n\t\t\t\t<\/div>\n\t\t\t\t<\/div>\n\t\t\t\t<\/div>\n\t\t","protected":false},"excerpt":{"rendered":"<p>Plantation d&#039;ananas Hacienda Roswitha : Plantation d&#039;ananas L&#039;h\u00e9ritage du roi de l&#039;ananas De l&#8217;Afrique au Costa Rica : La douce success story de la famille D\u00e4hler L&#8217;histoire de la famille D\u00e4hler est un voyage \u00e0 travers trois continents. Dans les ann\u00e9es 1980, Johann D\u00e4hler a commenc\u00e9 \u00e0 cultiver des ananas en C\u00f4te d&#8217;Ivoire et est&#8230;<\/p>\n","protected":false},"author":1,"featured_media":8381,"parent":0,"menu_order":0,"comment_status":"closed","ping_status":"closed","template":"template-builder.php","meta":{"_monsterinsights_skip_tracking":false,"_monsterinsights_sitenote_active":false,"_monsterinsights_sitenote_note":"","_monsterinsights_sitenote_category":0,"footnotes":""},"class_list":["post-8177","page","type-page","status-publish","has-post-thumbnail","hentry"],"yoast_head":"<!-- This site is optimized with the Yoast SEO plugin v27.3 - https:\/\/yoast.com\/product\/yoast-seo-wordpress\/ -->\n<title>Ferme d&#039;ananas - Swiss Tropical Tourism<\/title>\n<meta name=\"robots\" content=\"index, follow, max-snippet:-1, max-image-preview:large, max-video-preview:-1\" \/>\n<link rel=\"canonical\" href=\"https:\/\/dahlercostarica.com\/fr\/ferme-dananas\/\" \/>\n<meta property=\"og:locale\" content=\"fr_FR\" \/>\n<meta property=\"og:type\" content=\"article\" \/>\n<meta property=\"og:title\" content=\"Ferme d&#039;ananas - Swiss Tropical Tourism\" \/>\n<meta property=\"og:description\" content=\"Plantation d&#039;ananas Hacienda Roswitha : Plantation d&#039;ananas L&#039;h\u00e9ritage du roi de l&#039;ananas De l&#8217;Afrique au Costa Rica : La douce success story de la famille D\u00e4hler L&#8217;histoire de la famille D\u00e4hler est un voyage \u00e0 travers trois continents. Dans les ann\u00e9es 1980, Johann D\u00e4hler a commenc\u00e9 \u00e0 cultiver des ananas en C\u00f4te d&#8217;Ivoire et est...\" \/>\n<meta property=\"og:url\" content=\"https:\/\/dahlercostarica.com\/fr\/ferme-dananas\/\" \/>\n<meta property=\"og:site_name\" content=\"Swiss Tropical Tourism\" \/>\n<meta property=\"article:publisher\" content=\"https:\/\/www.facebook.com\/SwissTropicalTourism\" \/>\n<meta property=\"article:modified_time\" content=\"2025-11-11T19:14:48+00:00\" \/>\n<meta property=\"og:image\" content=\"https:\/\/dahlercostarica.com\/wp-content\/uploads\/2025\/11\/Ananas.jpg\" \/>\n\t<meta property=\"og:image:width\" content=\"412\" \/>\n\t<meta property=\"og:image:height\" content=\"485\" \/>\n\t<meta property=\"og:image:type\" content=\"image\/jpeg\" \/>\n<meta name=\"twitter:card\" content=\"summary_large_image\" \/>\n<meta name=\"twitter:label1\" content=\"Dur\u00e9e de lecture estim\u00e9e\" \/>\n\t<meta name=\"twitter:data1\" content=\"7 minutes\" \/>\n<script type=\"application\/ld+json\" class=\"yoast-schema-graph\">{\"@context\":\"https:\\\/\\\/schema.org\",\"@graph\":[{\"@type\":\"WebPage\",\"@id\":\"https:\\\/\\\/dahlercostarica.com\\\/fr\\\/ferme-dananas\\\/\",\"url\":\"https:\\\/\\\/dahlercostarica.com\\\/fr\\\/ferme-dananas\\\/\",\"name\":\"Ferme d'ananas - Swiss Tropical Tourism\",\"isPartOf\":{\"@id\":\"https:\\\/\\\/dahlercostarica.com\\\/fr\\\/#website\"},\"primaryImageOfPage\":{\"@id\":\"https:\\\/\\\/dahlercostarica.com\\\/fr\\\/ferme-dananas\\\/#primaryimage\"},\"image\":{\"@id\":\"https:\\\/\\\/dahlercostarica.com\\\/fr\\\/ferme-dananas\\\/#primaryimage\"},\"thumbnailUrl\":\"https:\\\/\\\/dahlercostarica.com\\\/wp-content\\\/uploads\\\/2025\\\/11\\\/Ananas.jpg\",\"datePublished\":\"2025-05-01T21:11:04+00:00\",\"dateModified\":\"2025-11-11T19:14:48+00:00\",\"breadcrumb\":{\"@id\":\"https:\\\/\\\/dahlercostarica.com\\\/fr\\\/ferme-dananas\\\/#breadcrumb\"},\"inLanguage\":\"fr-FR\",\"potentialAction\":[{\"@type\":\"ReadAction\",\"target\":[\"https:\\\/\\\/dahlercostarica.com\\\/fr\\\/ferme-dananas\\\/\"]}]},{\"@type\":\"ImageObject\",\"inLanguage\":\"fr-FR\",\"@id\":\"https:\\\/\\\/dahlercostarica.com\\\/fr\\\/ferme-dananas\\\/#primaryimage\",\"url\":\"https:\\\/\\\/dahlercostarica.com\\\/wp-content\\\/uploads\\\/2025\\\/11\\\/Ananas.jpg\",\"contentUrl\":\"https:\\\/\\\/dahlercostarica.com\\\/wp-content\\\/uploads\\\/2025\\\/11\\\/Ananas.jpg\",\"width\":412,\"height\":485,\"caption\":\"Ananasfarm Familie D\u00e4hler\"},{\"@type\":\"BreadcrumbList\",\"@id\":\"https:\\\/\\\/dahlercostarica.com\\\/fr\\\/ferme-dananas\\\/#breadcrumb\",\"itemListElement\":[{\"@type\":\"ListItem\",\"position\":1,\"name\":\"Accueil\",\"item\":\"https:\\\/\\\/dahlercostarica.com\\\/fr\\\/\"},{\"@type\":\"ListItem\",\"position\":2,\"name\":\"Ferme d&#8217;ananas\"}]},{\"@type\":\"WebSite\",\"@id\":\"https:\\\/\\\/dahlercostarica.com\\\/fr\\\/#website\",\"url\":\"https:\\\/\\\/dahlercostarica.com\\\/fr\\\/\",\"name\":\"Swiss Tropical Tourism\",\"description\":\"Reiseagentur\",\"potentialAction\":[{\"@type\":\"SearchAction\",\"target\":{\"@type\":\"EntryPoint\",\"urlTemplate\":\"https:\\\/\\\/dahlercostarica.com\\\/fr\\\/?s={search_term_string}\"},\"query-input\":{\"@type\":\"PropertyValueSpecification\",\"valueRequired\":true,\"valueName\":\"search_term_string\"}}],\"inLanguage\":\"fr-FR\"}]}<\/script>\n<!-- \/ Yoast SEO plugin. -->","yoast_head_json":{"title":"Ferme d'ananas - Swiss Tropical Tourism","robots":{"index":"index","follow":"follow","max-snippet":"max-snippet:-1","max-image-preview":"max-image-preview:large","max-video-preview":"max-video-preview:-1"},"canonical":"https:\/\/dahlercostarica.com\/fr\/ferme-dananas\/","og_locale":"fr_FR","og_type":"article","og_title":"Ferme d'ananas - Swiss Tropical Tourism","og_description":"Plantation d&#039;ananas Hacienda Roswitha : Plantation d&#039;ananas L&#039;h\u00e9ritage du roi de l&#039;ananas De l&#8217;Afrique au Costa Rica : La douce success story de la famille D\u00e4hler L&#8217;histoire de la famille D\u00e4hler est un voyage \u00e0 travers trois continents. Dans les ann\u00e9es 1980, Johann D\u00e4hler a commenc\u00e9 \u00e0 cultiver des ananas en C\u00f4te d&#8217;Ivoire et est...","og_url":"https:\/\/dahlercostarica.com\/fr\/ferme-dananas\/","og_site_name":"Swiss Tropical Tourism","article_publisher":"https:\/\/www.facebook.com\/SwissTropicalTourism","article_modified_time":"2025-11-11T19:14:48+00:00","og_image":[{"width":412,"height":485,"url":"https:\/\/dahlercostarica.com\/wp-content\/uploads\/2025\/11\/Ananas.jpg","type":"image\/jpeg"}],"twitter_card":"summary_large_image","twitter_misc":{"Dur\u00e9e de lecture estim\u00e9e":"7 minutes"},"schema":{"@context":"https:\/\/schema.org","@graph":[{"@type":"WebPage","@id":"https:\/\/dahlercostarica.com\/fr\/ferme-dananas\/","url":"https:\/\/dahlercostarica.com\/fr\/ferme-dananas\/","name":"Ferme d'ananas - Swiss Tropical Tourism","isPartOf":{"@id":"https:\/\/dahlercostarica.com\/fr\/#website"},"primaryImageOfPage":{"@id":"https:\/\/dahlercostarica.com\/fr\/ferme-dananas\/#primaryimage"},"image":{"@id":"https:\/\/dahlercostarica.com\/fr\/ferme-dananas\/#primaryimage"},"thumbnailUrl":"https:\/\/dahlercostarica.com\/wp-content\/uploads\/2025\/11\/Ananas.jpg","datePublished":"2025-05-01T21:11:04+00:00","dateModified":"2025-11-11T19:14:48+00:00","breadcrumb":{"@id":"https:\/\/dahlercostarica.com\/fr\/ferme-dananas\/#breadcrumb"},"inLanguage":"fr-FR","potentialAction":[{"@type":"ReadAction","target":["https:\/\/dahlercostarica.com\/fr\/ferme-dananas\/"]}]},{"@type":"ImageObject","inLanguage":"fr-FR","@id":"https:\/\/dahlercostarica.com\/fr\/ferme-dananas\/#primaryimage","url":"https:\/\/dahlercostarica.com\/wp-content\/uploads\/2025\/11\/Ananas.jpg","contentUrl":"https:\/\/dahlercostarica.com\/wp-content\/uploads\/2025\/11\/Ananas.jpg","width":412,"height":485,"caption":"Ananasfarm Familie D\u00e4hler"},{"@type":"BreadcrumbList","@id":"https:\/\/dahlercostarica.com\/fr\/ferme-dananas\/#breadcrumb","itemListElement":[{"@type":"ListItem","position":1,"name":"Accueil","item":"https:\/\/dahlercostarica.com\/fr\/"},{"@type":"ListItem","position":2,"name":"Ferme d&#8217;ananas"}]},{"@type":"WebSite","@id":"https:\/\/dahlercostarica.com\/fr\/#website","url":"https:\/\/dahlercostarica.com\/fr\/","name":"Swiss Tropical Tourism","description":"Reiseagentur","potentialAction":[{"@type":"SearchAction","target":{"@type":"EntryPoint","urlTemplate":"https:\/\/dahlercostarica.com\/fr\/?s={search_term_string}"},"query-input":{"@type":"PropertyValueSpecification","valueRequired":true,"valueName":"search_term_string"}}],"inLanguage":"fr-FR"}]}},"_links":{"self":[{"href":"https:\/\/dahlercostarica.com\/fr\/wp-json\/wp\/v2\/pages\/8177","targetHints":{"allow":["GET"]}}],"collection":[{"href":"https:\/\/dahlercostarica.com\/fr\/wp-json\/wp\/v2\/pages"}],"about":[{"href":"https:\/\/dahlercostarica.com\/fr\/wp-json\/wp\/v2\/types\/page"}],"author":[{"embeddable":true,"href":"https:\/\/dahlercostarica.com\/fr\/wp-json\/wp\/v2\/users\/1"}],"replies":[{"embeddable":true,"href":"https:\/\/dahlercostarica.com\/fr\/wp-json\/wp\/v2\/comments?post=8177"}],"version-history":[{"count":10,"href":"https:\/\/dahlercostarica.com\/fr\/wp-json\/wp\/v2\/pages\/8177\/revisions"}],"predecessor-version":[{"id":8701,"href":"https:\/\/dahlercostarica.com\/fr\/wp-json\/wp\/v2\/pages\/8177\/revisions\/8701"}],"wp:featuredmedia":[{"embeddable":true,"href":"https:\/\/dahlercostarica.com\/fr\/wp-json\/wp\/v2\/media\/8381"}],"wp:attachment":[{"href":"https:\/\/dahlercostarica.com\/fr\/wp-json\/wp\/v2\/media?parent=8177"}],"curies":[{"name":"wp","href":"https:\/\/api.w.org\/{rel}","templated":true}]}}