{"id":8864,"date":"2024-07-08T06:41:10","date_gmt":"2024-07-08T12:41:10","guid":{"rendered":"https:\/\/dahlercostarica.com\/agence-de-voyage\/stephane\/"},"modified":"2025-11-14T19:04:28","modified_gmt":"2025-11-15T01:04:28","slug":"stephane","status":"publish","type":"page","link":"https:\/\/dahlercostarica.com\/fr\/agence-de-voyage\/stephane\/","title":{"rendered":"Stephane"},"content":{"rendered":"\t\t<div data-elementor-type=\"wp-page\" data-elementor-id=\"8864\" class=\"elementor elementor-8864 elementor-1396\">\n\t\t\t\t<div class=\"elementor-element elementor-element-a336150 e-con-full e-flex e-con e-parent\" data-id=\"a336150\" data-element_type=\"container\" data-e-type=\"container\">\n\t\t<div class=\"elementor-element elementor-element-998ae4f e-flex e-con-boxed e-con e-child\" data-id=\"998ae4f\" data-element_type=\"container\" data-e-type=\"container\">\n\t\t\t\t\t<div class=\"e-con-inner\">\n\t\t<div class=\"elementor-element elementor-element-dc773ee e-con-full e-flex e-con e-child\" data-id=\"dc773ee\" data-element_type=\"container\" data-e-type=\"container\">\n\t\t\r\n\t\t<div class=\"elementor-element elementor-element-939c483 elementor-widget elementor-widget-tourmteam\" data-id=\"939c483\" data-element_type=\"widget\" data-e-type=\"widget\" data-widget_type=\"tourmteam.default\">\n\t\t\t\t<div class=\"elementor-widget-container\">\n\t\t\t\t\t<div class=\"th-team team-grid\"><div class=\"team-img\"><img decoding=\"async\" src=\"https:\/\/dahlercostarica.com\/wp-content\/uploads\/2025\/02\/Stephane-1.jpg\" alt=\"Stephane 1\"  \/><\/div><div class=\"team-img2\"><img decoding=\"async\" src=\"https:\/\/dahlercostarica.com\/wp-content\/uploads\/2025\/03\/Stephane1.jpg\" alt=\"Stephane1\"  \/><\/div><div class=\"team-content\"><div class=\"media-body\"><h3 class=\"box-title title\"><a href=\"#\">Stephane<\/a><\/h3><span class=\"team-desig desig\">Reiseexperte<\/span><div class=\"th-social\"><\/div><\/div><\/div><\/div>\t\t\t\t<\/div>\n\t\t\t\t<\/div>\n\t\t\t\t<\/div>\n\t\t<div class=\"elementor-element elementor-element-cec12dd e-con-full e-flex e-con e-child\" data-id=\"cec12dd\" data-element_type=\"container\" data-e-type=\"container\">\n\t\t\t\t<div class=\"elementor-element elementor-element-ce6988a elementor-widget elementor-widget-text-editor\" data-id=\"ce6988a\" data-element_type=\"widget\" data-e-type=\"widget\" data-widget_type=\"text-editor.default\">\n\t\t\t\t<div class=\"elementor-widget-container\">\n\t\t\t\t\t\t\t\t\t<h1><b>St\u00e9phane &#8211; Le pionnier avec l&#8217;esprit &#8220;plus qu&#8217;une simple id\u00e9e&#8221;<\/b><\/h1><p><span style=\"font-weight: 400;\">St\u00e9phane, notre fondateur charismatique et touche-\u00e0-tout, est le c\u0153ur et l&#8217;\u00e2me de Swiss Tropical Tourism. N\u00e9 en Afrique, form\u00e9 en Suisse et devenu chez lui au Costa Rica, il r\u00e9unit le meilleur de trois mondes. En tant que conteur passionn\u00e9, il vous emm\u00e8ne dans un voyage \u00e0 travers son histoire familiale fascinante et partage son enthousiasme pour l&#8217;agrotourisme et l&#8217;agriculture durable.  <\/span><\/p><p><span style=\"font-family: Arial, sans-serif; font-size: 12pt; white-space-collapse: preserve; text-align: var(--text-align); color: var(--body-color);\">En 2011, il a cr\u00e9\u00e9 Swiss Tropical Tourism avec beaucoup de passion et d&#8217;esprit pionnier et dirige l&#8217;entreprise depuis lors avec un engagement inlassable<\/span><span style=\"font-weight: 400;\">. Que ce soit dans les champs d&#8217;ananas, les plantations de cacao ou les projets sociaux, St\u00e9phane est partout \u00e0 la fois et met son enthousiasme contagieux dans tout ce qu&#8217;il entreprend. Avec son amour du d\u00e9tail et sa nature chaleureuse, il veille \u00e0 ce que chaque client se sente chez nous comme \u00e0 la maison. Avec St\u00e9phane, on ne se sent pas comme un touriste, mais comme un membre de la famille.<\/span><\/p><p><strong>Langues : <span style=\"background-color: transparent; color: #595959; font-family: Arial, sans-serif; font-size: 12pt; white-space-collapse: preserve; text-align: var(--text-align);\">espagnol, anglais, fran\u00e7ais, allemand<\/span><\/strong><\/p>\t\t\t\t\t\t\t\t<\/div>\n\t\t\t\t<\/div>\n\t\t\t\t<\/div>\n\t\t\t\t\t<\/div>\n\t\t\t\t<\/div>\n\t\t\t\t<\/div>\n\t\t<div class=\"elementor-element elementor-element-ff64237 e-con-full e-flex e-con e-parent\" data-id=\"ff64237\" data-element_type=\"container\" data-e-type=\"container\">\n\t\t<div class=\"elementor-element elementor-element-2a3ba7b e-flex e-con-boxed e-con e-child\" data-id=\"2a3ba7b\" data-element_type=\"container\" data-e-type=\"container\">\n\t\t\t\t\t<div class=\"e-con-inner\">\n\t\t\t\t<div class=\"elementor-element elementor-element-5fbaaa9 elementor-widget elementor-widget-text-editor\" data-id=\"5fbaaa9\" data-element_type=\"widget\" data-e-type=\"widget\" data-widget_type=\"text-editor.default\">\n\t\t\t\t<div class=\"elementor-widget-container\">\n\t\t\t\t\t\t\t\t\t<h2 class=\"box-title mb-30\"><span style=\"font-weight: 400;\">Contactez-moi :<\/span><\/h2>\t\t\t\t\t\t\t\t<\/div>\n\t\t\t\t<\/div>\n\t\t\t\t<div class=\"elementor-element elementor-element-f12b35d elementor-widget elementor-widget-tourmcontactinfo\" data-id=\"f12b35d\" data-element_type=\"widget\" data-e-type=\"widget\" data-widget_type=\"tourmcontactinfo.default\">\n\t\t\t\t<div class=\"elementor-widget-container\">\n\t\t\t\t\t<div class=\"row gy-4 justify-content-center\"><div class=\"col-xl-4 col-lg-6\"><div class=\"about-contact-grid style2\"><div class=\"about-contact-icon\"><img decoding=\"async\" src=\"https:\/\/wordpress.themeholy.com\/tourm\/wp-content\/uploads\/2024\/07\/location-dot2.svg\" alt=\"location dot2\"  \/><\/div><div class=\"about-contact-details\"><h6 class=\"box-title title\">Unsere Adresse<\/h6><p class=\"about-contact-details-text\">Meridiano Business Center Torre Davivienda Escazu, Costa Rica.<\/p><\/div><\/div><\/div><div class=\"col-xl-4 col-lg-6\"><div class=\"about-contact-grid style2\"><div class=\"about-contact-icon\"><img decoding=\"async\" src=\"https:\/\/wordpress.themeholy.com\/tourm\/wp-content\/uploads\/2024\/07\/call-1.svg\" alt=\"call 1\"  \/><\/div><div class=\"about-contact-details\"><h6 class=\"box-title title\">Telefonnummer<\/h6><p class=\"about-contact-details-text\"><a href=\"tel:50688860363\">+506 88860363<\/a><\/p><\/div><\/div><\/div><div class=\"col-xl-4 col-lg-6\"><div class=\"about-contact-grid style2\"><div class=\"about-contact-icon\"><img decoding=\"async\" src=\"https:\/\/wordpress.themeholy.com\/tourm\/wp-content\/uploads\/2024\/07\/mail-1.svg\" alt=\"mail 1\"  \/><\/div><div class=\"about-contact-details\"><h6 class=\"box-title title\">E-Mail<\/h6><p class=\"about-contact-details-text\"><a href=\"mailto:info@swisstropical.ch\">info@swisstropical.ch<\/a><\/p><\/div><\/div><\/div><\/div>\t\t\t\t<\/div>\n\t\t\t\t<\/div>\n\t\t\t\t\t<\/div>\n\t\t\t\t<\/div>\n\t\t\t\t<\/div>\n\t\t<div class=\"elementor-element elementor-element-435aa23 e-flex e-con-boxed e-con e-parent\" data-id=\"435aa23\" data-element_type=\"container\" data-e-type=\"container\" data-settings=\"{&quot;background_background&quot;:&quot;classic&quot;}\">\n\t\t\t\t\t<div class=\"e-con-inner\">\n\t\t<div class=\"elementor-element elementor-element-58ddfa5 e-con-full e-flex e-con e-child\" data-id=\"58ddfa5\" data-element_type=\"container\" data-e-type=\"container\">\n\t\t\t\t<div class=\"elementor-element elementor-element-4f86f4a elementor-widget elementor-widget-tourmsectiontitle\" data-id=\"4f86f4a\" data-element_type=\"widget\" data-e-type=\"widget\" data-widget_type=\"tourmsectiontitle.default\">\n\t\t\t\t<div class=\"elementor-widget-container\">\n\t\t\t\t\t\t\t<div class=\"title-area text-center \">\r\n\t\t\t<span class=\"sub-title \">Sprich uns an!<\/span><h2 class=\"sec-title \">Unsere Kontakt Informationen<\/h2>\t\t<\/div>\r\n\r\n\t\t\t\t\t<\/div>\n\t\t\t\t<\/div>\n\t\t\t\t<div class=\"elementor-element elementor-element-a1e3f96 elementor-widget elementor-widget-tourmteam\" data-id=\"a1e3f96\" data-element_type=\"widget\" data-e-type=\"widget\" data-widget_type=\"tourmteam.default\">\n\t\t\t\t<div class=\"elementor-widget-container\">\n\t\t\t\t\t<div class=\"slider-area arrow-wrap\"><div class=\"swiper th-slider teamSlider3 has-shadow\" id=\"teamSlider3\" data-slider-options='{\"breakpoints\":{\"0\":{\"slidesPerView\":1},\"576\":{\"slidesPerView\":\"1\"},\"768\":{\"slidesPerView\":\"2\"},\"992\":{\"slidesPerView\":\"3\"},\"1200\":{\"slidesPerView\":\"3\"}}}'><div class=\"swiper-wrapper\"><div class=\"swiper-slide\"><div class=\"th-team team-grid\"><div class=\"team-img\"><img decoding=\"async\" src=\"https:\/\/dahlercostarica.com\/wp-content\/uploads\/2025\/02\/Stephane-1.jpg\" alt=\"Stephane 1\"  \/><\/div><div class=\"team-img2\"><img decoding=\"async\" src=\"https:\/\/dahlercostarica.com\/wp-content\/uploads\/2025\/03\/Stephane1.jpg\" alt=\"Stephane1\"  \/><\/div><div class=\"team-content\"><div class=\"media-body\"><h3 class=\"box-title title\"><a href=\"https:\/\/dahlercostarica.com\/fr\/ueber-uns\/stephan\/\">Stephane<\/a><\/h3><span class=\"team-desig desig\">Reiseexperte<\/span><div class=\"th-social\"><\/div><\/div><\/div><\/div><\/div><div class=\"swiper-slide\"><div class=\"th-team team-grid\"><div class=\"team-img\"><img decoding=\"async\" src=\"https:\/\/dahlercostarica.com\/wp-content\/uploads\/2025\/02\/Guillaume.jpg\" alt=\"Guillaume\"  \/><\/div><div class=\"team-img2\"><img decoding=\"async\" src=\"https:\/\/dahlercostarica.com\/wp-content\/uploads\/2025\/02\/team_foto2.png\" alt=\"Team Guillaume\"  \/><\/div><div class=\"team-content\"><div class=\"media-body\"><h3 class=\"box-title title\"><a href=\"https:\/\/dahlercostarica.com\/fr\/ueber-uns\/guillaume\/\">Guillaume<\/a><\/h3><span class=\"team-desig desig\">Reiseexperte<\/span><div class=\"th-social\"><\/div><\/div><\/div><\/div><\/div><div class=\"swiper-slide\"><div class=\"th-team team-grid\"><div class=\"team-img\"><img decoding=\"async\" src=\"https:\/\/dahlercostarica.com\/wp-content\/uploads\/2025\/02\/Florian.jpg\" alt=\"Florian\"  \/><\/div><div class=\"team-img2\"><img decoding=\"async\" src=\"https:\/\/dahlercostarica.com\/wp-content\/uploads\/2025\/02\/team_foto3.png\" alt=\"Team Florian\"  \/><\/div><div class=\"team-content\"><div class=\"media-body\"><h3 class=\"box-title title\"><a href=\"https:\/\/dahlercostarica.com\/fr\/ueber-uns\/florian\/\">Florian<\/a><\/h3><span class=\"team-desig desig\">Reiseexperte<\/span><div class=\"th-social\"><\/div><\/div><\/div><\/div><\/div><div class=\"swiper-slide\"><div class=\"th-team team-grid\"><div class=\"team-img\"><img decoding=\"async\" src=\"https:\/\/dahlercostarica.com\/wp-content\/uploads\/2025\/02\/Tatiana.jpg\" alt=\"Tatiana\"  \/><\/div><div class=\"team-img2\"><img decoding=\"async\" src=\"https:\/\/dahlercostarica.com\/wp-content\/uploads\/2025\/02\/team_foto4.png\" alt=\"Team Tatiana\"  \/><\/div><div class=\"team-content\"><div class=\"media-body\"><h3 class=\"box-title title\"><a href=\"https:\/\/dahlercostarica.com\/fr\/ueber-uns\/tatiana\/\">Tatiana<\/a><\/h3><span class=\"team-desig desig\">Reiseexperte<\/span><div class=\"th-social\"><\/div><\/div><\/div><\/div><\/div><div class=\"swiper-slide\"><div class=\"th-team team-grid\"><div class=\"team-img\"><img decoding=\"async\" src=\"https:\/\/dahlercostarica.com\/wp-content\/uploads\/2025\/02\/Jazmin.jpg\" alt=\"Jazmin\"  \/><\/div><div class=\"team-img2\"><img decoding=\"async\" src=\"https:\/\/dahlercostarica.com\/wp-content\/uploads\/2025\/02\/team_foto5.png\" alt=\"jazmin\"  \/><\/div><div class=\"team-content\"><div class=\"media-body\"><h3 class=\"box-title title\"><a href=\"https:\/\/dahlercostarica.com\/fr\/ueber-uns\/jazmin\/\">Jazmin<\/a><\/h3><span class=\"team-desig desig\">Buchhaltung<\/span><div class=\"th-social\"><\/div><\/div><\/div><\/div><\/div><div class=\"swiper-slide\"><div class=\"th-team team-grid\"><div class=\"team-img\"><img decoding=\"async\" src=\"https:\/\/dahlercostarica.com\/wp-content\/uploads\/2025\/02\/Ernesto.jpg\" alt=\"Ernesto\"  \/><\/div><div class=\"team-img2\"><img decoding=\"async\" src=\"https:\/\/dahlercostarica.com\/wp-content\/uploads\/2025\/02\/team_foto6.png\" alt=\"Ernesto\"  \/><\/div><div class=\"team-content\"><div class=\"media-body\"><h3 class=\"box-title title\"><a href=\"https:\/\/dahlercostarica.com\/fr\/ueber-uns\/ernesto\/\">Ernesto<\/a><\/h3><span class=\"team-desig desig\">Logistikverantwortlicher<\/span><div class=\"th-social\"><\/div><\/div><\/div><\/div><\/div><div class=\"swiper-slide\"><div class=\"th-team team-grid\"><div class=\"team-img\"><img decoding=\"async\" src=\"https:\/\/dahlercostarica.com\/wp-content\/uploads\/2025\/02\/David.jpg\" alt=\"David\"  \/><\/div><div class=\"team-img2\"><img decoding=\"async\" src=\"https:\/\/dahlercostarica.com\/wp-content\/uploads\/2025\/02\/david.png\" alt=\"Nicaragua Reiseexperte David\"  \/><\/div><div class=\"team-content\"><div class=\"media-body\"><h3 class=\"box-title title\"><a href=\"https:\/\/dahlercostarica.com\/fr\/ueber-uns\/david\/\">David<\/a><\/h3><span class=\"team-desig desig\">Nicaragua Reisespezialist<\/span><div class=\"th-social\"><\/div><\/div><\/div><\/div><\/div><div class=\"swiper-slide\"><div class=\"th-team team-grid\"><div class=\"team-img\"><img decoding=\"async\" src=\"https:\/\/dahlercostarica.com\/wp-content\/uploads\/2025\/03\/Pauline-1.jpg\" alt=\"Pauline 1\"  \/><\/div><div class=\"team-img2\"><img decoding=\"async\" src=\"https:\/\/dahlercostarica.com\/wp-content\/uploads\/2025\/03\/Pauline.jpg\" alt=\"Team Pauline\"  \/><\/div><div class=\"team-content\"><div class=\"media-body\"><h3 class=\"box-title title\"><a href=\"https:\/\/dahlercostarica.com\/fr\/ueber-uns\/pauline-2\/\">Pauline<\/a><\/h3><span class=\"team-desig desig\">Reiseexperte<\/span><div class=\"th-social\"><\/div><\/div><\/div><\/div><\/div><div class=\"swiper-slide\"><div class=\"th-team team-grid\"><div class=\"team-img\"><img decoding=\"async\" src=\"https:\/\/dahlercostarica.com\/wp-content\/uploads\/2025\/03\/Bea-1.jpg\" alt=\"Bea 1\"  \/><\/div><div class=\"team-img2\"><img decoding=\"async\" src=\"https:\/\/dahlercostarica.com\/wp-content\/uploads\/2025\/03\/Bea.jpg\" alt=\"Reiseleiterin Bea\"  \/><\/div><div class=\"team-content\"><div class=\"media-body\"><h3 class=\"box-title title\"><a href=\"https:\/\/dahlercostarica.com\/fr\/ueber-uns\/bea-2\/\">Bea<\/a><\/h3><span class=\"team-desig desig\">Spezialistin f\u00fcr Outdoor und Camping<\/span><div class=\"th-social\"><\/div><\/div><\/div><\/div><\/div><\/div><div class=\"slider-pagination\"><\/div><\/div><button data-slider-prev=\"#teamSlider3\" class=\"slider-arrow slider-prev\"><img decoding=\"async\" src=\"https:\/\/dahlercostarica.com\/wp-content\/plugins\/tourm-core\/assets\/\/img\/icon\/right-arrow2.svg\" alt=\"\"><\/button><button data-slider-next=\"#teamSlider3\" class=\"slider-arrow slider-next\"><img decoding=\"async\" src=\"https:\/\/dahlercostarica.com\/wp-content\/plugins\/tourm-core\/assets\/\/img\/icon\/left-arrow2.svg\" alt=\"\"><\/button><\/div>\t\t\t\t<\/div>\n\t\t\t\t<\/div>\n\t\t\t\t<\/div>\n\t\t\t\t\t<\/div>\n\t\t\t\t<\/div>\n\t\t\t\t<\/div>\n\t\t","protected":false},"excerpt":{"rendered":"<p>Stephane Reiseexperte St\u00e9phane &#8211; Le pionnier avec l&#8217;esprit &#8220;plus qu&#8217;une simple id\u00e9e&#8221; St\u00e9phane, notre fondateur charismatique et touche-\u00e0-tout, est le c\u0153ur et l&#8217;\u00e2me de Swiss Tropical Tourism. N\u00e9 en Afrique, form\u00e9 en Suisse et devenu chez lui au Costa Rica, il r\u00e9unit le meilleur de trois mondes. En tant que conteur passionn\u00e9, il vous emm\u00e8ne&#8230;<\/p>\n","protected":false},"author":1,"featured_media":0,"parent":8359,"menu_order":0,"comment_status":"closed","ping_status":"closed","template":"template-builder.php","meta":{"_monsterinsights_skip_tracking":false,"_monsterinsights_sitenote_active":false,"_monsterinsights_sitenote_note":"","_monsterinsights_sitenote_category":0,"footnotes":""},"class_list":["post-8864","page","type-page","status-publish","hentry"],"yoast_head":"<!-- This site is optimized with the Yoast SEO plugin v27.4 - https:\/\/yoast.com\/product\/yoast-seo-wordpress\/ -->\n<title>Stephane - Swiss Tropical Tourism<\/title>\n<meta name=\"robots\" content=\"index, follow, max-snippet:-1, max-image-preview:large, max-video-preview:-1\" \/>\n<link rel=\"canonical\" href=\"https:\/\/dahlercostarica.com\/fr\/agence-de-voyage\/stephane\/\" \/>\n<meta property=\"og:locale\" content=\"fr_FR\" \/>\n<meta property=\"og:type\" content=\"article\" \/>\n<meta property=\"og:title\" content=\"Stephane - Swiss Tropical Tourism\" \/>\n<meta property=\"og:description\" content=\"Stephane Reiseexperte St\u00e9phane &#8211; Le pionnier avec l&#8217;esprit &#8220;plus qu&#8217;une simple id\u00e9e&#8221; St\u00e9phane, notre fondateur charismatique et touche-\u00e0-tout, est le c\u0153ur et l&#8217;\u00e2me de Swiss Tropical Tourism. N\u00e9 en Afrique, form\u00e9 en Suisse et devenu chez lui au Costa Rica, il r\u00e9unit le meilleur de trois mondes. En tant que conteur passionn\u00e9, il vous emm\u00e8ne...\" \/>\n<meta property=\"og:url\" content=\"https:\/\/dahlercostarica.com\/fr\/agence-de-voyage\/stephane\/\" \/>\n<meta property=\"og:site_name\" content=\"Swiss Tropical Tourism\" \/>\n<meta property=\"article:publisher\" content=\"https:\/\/www.facebook.com\/SwissTropicalTourism\" \/>\n<meta property=\"article:modified_time\" content=\"2025-11-15T01:04:28+00:00\" \/>\n<meta property=\"og:image\" content=\"https:\/\/dahlercostarica.com\/wp-content\/uploads\/2025\/02\/Stephane-1.jpg\" \/>\n<meta name=\"twitter:card\" content=\"summary_large_image\" \/>\n<meta name=\"twitter:label1\" content=\"Dur\u00e9e de lecture estim\u00e9e\" \/>\n\t<meta name=\"twitter:data1\" content=\"7 minutes\" \/>\n<script type=\"application\/ld+json\" class=\"yoast-schema-graph\">{\"@context\":\"https:\\\/\\\/schema.org\",\"@graph\":[{\"@type\":\"WebPage\",\"@id\":\"https:\\\/\\\/dahlercostarica.com\\\/fr\\\/agence-de-voyage\\\/stephane\\\/\",\"url\":\"https:\\\/\\\/dahlercostarica.com\\\/fr\\\/agence-de-voyage\\\/stephane\\\/\",\"name\":\"Stephane - Swiss Tropical Tourism\",\"isPartOf\":{\"@id\":\"https:\\\/\\\/dahlercostarica.com\\\/fr\\\/#website\"},\"primaryImageOfPage\":{\"@id\":\"https:\\\/\\\/dahlercostarica.com\\\/fr\\\/agence-de-voyage\\\/stephane\\\/#primaryimage\"},\"image\":{\"@id\":\"https:\\\/\\\/dahlercostarica.com\\\/fr\\\/agence-de-voyage\\\/stephane\\\/#primaryimage\"},\"thumbnailUrl\":\"https:\\\/\\\/dahlercostarica.com\\\/wp-content\\\/uploads\\\/2025\\\/02\\\/Stephane-1.jpg\",\"datePublished\":\"2024-07-08T12:41:10+00:00\",\"dateModified\":\"2025-11-15T01:04:28+00:00\",\"breadcrumb\":{\"@id\":\"https:\\\/\\\/dahlercostarica.com\\\/fr\\\/agence-de-voyage\\\/stephane\\\/#breadcrumb\"},\"inLanguage\":\"fr-FR\",\"potentialAction\":[{\"@type\":\"ReadAction\",\"target\":[\"https:\\\/\\\/dahlercostarica.com\\\/fr\\\/agence-de-voyage\\\/stephane\\\/\"]}]},{\"@type\":\"ImageObject\",\"inLanguage\":\"fr-FR\",\"@id\":\"https:\\\/\\\/dahlercostarica.com\\\/fr\\\/agence-de-voyage\\\/stephane\\\/#primaryimage\",\"url\":\"https:\\\/\\\/dahlercostarica.com\\\/wp-content\\\/uploads\\\/2025\\\/02\\\/Stephane-1.jpg\",\"contentUrl\":\"https:\\\/\\\/dahlercostarica.com\\\/wp-content\\\/uploads\\\/2025\\\/02\\\/Stephane-1.jpg\"},{\"@type\":\"BreadcrumbList\",\"@id\":\"https:\\\/\\\/dahlercostarica.com\\\/fr\\\/agence-de-voyage\\\/stephane\\\/#breadcrumb\",\"itemListElement\":[{\"@type\":\"ListItem\",\"position\":1,\"name\":\"Accueil\",\"item\":\"https:\\\/\\\/dahlercostarica.com\\\/fr\\\/\"},{\"@type\":\"ListItem\",\"position\":2,\"name\":\"Agence de voyage\",\"item\":\"https:\\\/\\\/dahlercostarica.com\\\/fr\\\/reiseagentur\\\/\"},{\"@type\":\"ListItem\",\"position\":3,\"name\":\"Stephane\"}]},{\"@type\":\"WebSite\",\"@id\":\"https:\\\/\\\/dahlercostarica.com\\\/fr\\\/#website\",\"url\":\"https:\\\/\\\/dahlercostarica.com\\\/fr\\\/\",\"name\":\"Swiss Tropical Tourism\",\"description\":\"Reiseagentur\",\"potentialAction\":[{\"@type\":\"SearchAction\",\"target\":{\"@type\":\"EntryPoint\",\"urlTemplate\":\"https:\\\/\\\/dahlercostarica.com\\\/fr\\\/?s={search_term_string}\"},\"query-input\":{\"@type\":\"PropertyValueSpecification\",\"valueRequired\":true,\"valueName\":\"search_term_string\"}}],\"inLanguage\":\"fr-FR\"}]}<\/script>\n<!-- \/ Yoast SEO plugin. -->","yoast_head_json":{"title":"Stephane - Swiss Tropical Tourism","robots":{"index":"index","follow":"follow","max-snippet":"max-snippet:-1","max-image-preview":"max-image-preview:large","max-video-preview":"max-video-preview:-1"},"canonical":"https:\/\/dahlercostarica.com\/fr\/agence-de-voyage\/stephane\/","og_locale":"fr_FR","og_type":"article","og_title":"Stephane - Swiss Tropical Tourism","og_description":"Stephane Reiseexperte St\u00e9phane &#8211; Le pionnier avec l&#8217;esprit &#8220;plus qu&#8217;une simple id\u00e9e&#8221; St\u00e9phane, notre fondateur charismatique et touche-\u00e0-tout, est le c\u0153ur et l&#8217;\u00e2me de Swiss Tropical Tourism. N\u00e9 en Afrique, form\u00e9 en Suisse et devenu chez lui au Costa Rica, il r\u00e9unit le meilleur de trois mondes. En tant que conteur passionn\u00e9, il vous emm\u00e8ne...","og_url":"https:\/\/dahlercostarica.com\/fr\/agence-de-voyage\/stephane\/","og_site_name":"Swiss Tropical Tourism","article_publisher":"https:\/\/www.facebook.com\/SwissTropicalTourism","article_modified_time":"2025-11-15T01:04:28+00:00","og_image":[{"url":"https:\/\/dahlercostarica.com\/wp-content\/uploads\/2025\/02\/Stephane-1.jpg","type":"","width":"","height":""}],"twitter_card":"summary_large_image","twitter_misc":{"Dur\u00e9e de lecture estim\u00e9e":"7 minutes"},"schema":{"@context":"https:\/\/schema.org","@graph":[{"@type":"WebPage","@id":"https:\/\/dahlercostarica.com\/fr\/agence-de-voyage\/stephane\/","url":"https:\/\/dahlercostarica.com\/fr\/agence-de-voyage\/stephane\/","name":"Stephane - Swiss Tropical Tourism","isPartOf":{"@id":"https:\/\/dahlercostarica.com\/fr\/#website"},"primaryImageOfPage":{"@id":"https:\/\/dahlercostarica.com\/fr\/agence-de-voyage\/stephane\/#primaryimage"},"image":{"@id":"https:\/\/dahlercostarica.com\/fr\/agence-de-voyage\/stephane\/#primaryimage"},"thumbnailUrl":"https:\/\/dahlercostarica.com\/wp-content\/uploads\/2025\/02\/Stephane-1.jpg","datePublished":"2024-07-08T12:41:10+00:00","dateModified":"2025-11-15T01:04:28+00:00","breadcrumb":{"@id":"https:\/\/dahlercostarica.com\/fr\/agence-de-voyage\/stephane\/#breadcrumb"},"inLanguage":"fr-FR","potentialAction":[{"@type":"ReadAction","target":["https:\/\/dahlercostarica.com\/fr\/agence-de-voyage\/stephane\/"]}]},{"@type":"ImageObject","inLanguage":"fr-FR","@id":"https:\/\/dahlercostarica.com\/fr\/agence-de-voyage\/stephane\/#primaryimage","url":"https:\/\/dahlercostarica.com\/wp-content\/uploads\/2025\/02\/Stephane-1.jpg","contentUrl":"https:\/\/dahlercostarica.com\/wp-content\/uploads\/2025\/02\/Stephane-1.jpg"},{"@type":"BreadcrumbList","@id":"https:\/\/dahlercostarica.com\/fr\/agence-de-voyage\/stephane\/#breadcrumb","itemListElement":[{"@type":"ListItem","position":1,"name":"Accueil","item":"https:\/\/dahlercostarica.com\/fr\/"},{"@type":"ListItem","position":2,"name":"Agence de voyage","item":"https:\/\/dahlercostarica.com\/fr\/reiseagentur\/"},{"@type":"ListItem","position":3,"name":"Stephane"}]},{"@type":"WebSite","@id":"https:\/\/dahlercostarica.com\/fr\/#website","url":"https:\/\/dahlercostarica.com\/fr\/","name":"Swiss Tropical Tourism","description":"Reiseagentur","potentialAction":[{"@type":"SearchAction","target":{"@type":"EntryPoint","urlTemplate":"https:\/\/dahlercostarica.com\/fr\/?s={search_term_string}"},"query-input":{"@type":"PropertyValueSpecification","valueRequired":true,"valueName":"search_term_string"}}],"inLanguage":"fr-FR"}]}},"_links":{"self":[{"href":"https:\/\/dahlercostarica.com\/fr\/wp-json\/wp\/v2\/pages\/8864","targetHints":{"allow":["GET"]}}],"collection":[{"href":"https:\/\/dahlercostarica.com\/fr\/wp-json\/wp\/v2\/pages"}],"about":[{"href":"https:\/\/dahlercostarica.com\/fr\/wp-json\/wp\/v2\/types\/page"}],"author":[{"embeddable":true,"href":"https:\/\/dahlercostarica.com\/fr\/wp-json\/wp\/v2\/users\/1"}],"replies":[{"embeddable":true,"href":"https:\/\/dahlercostarica.com\/fr\/wp-json\/wp\/v2\/comments?post=8864"}],"version-history":[{"count":6,"href":"https:\/\/dahlercostarica.com\/fr\/wp-json\/wp\/v2\/pages\/8864\/revisions"}],"predecessor-version":[{"id":9052,"href":"https:\/\/dahlercostarica.com\/fr\/wp-json\/wp\/v2\/pages\/8864\/revisions\/9052"}],"up":[{"embeddable":true,"href":"https:\/\/dahlercostarica.com\/fr\/wp-json\/wp\/v2\/pages\/8359"}],"wp:attachment":[{"href":"https:\/\/dahlercostarica.com\/fr\/wp-json\/wp\/v2\/media?parent=8864"}],"curies":[{"name":"wp","href":"https:\/\/api.w.org\/{rel}","templated":true}]}}