{"id":8866,"date":"2025-02-27T18:16:55","date_gmt":"2025-02-28T00:16:55","guid":{"rendered":"https:\/\/dahlercostarica.com\/agence-de-voyage\/florian\/"},"modified":"2025-11-14T19:07:38","modified_gmt":"2025-11-15T01:07:38","slug":"florian","status":"publish","type":"page","link":"https:\/\/dahlercostarica.com\/fr\/agence-de-voyage\/florian\/","title":{"rendered":"Florian"},"content":{"rendered":"\t\t<div data-elementor-type=\"wp-page\" data-elementor-id=\"8866\" class=\"elementor elementor-8866 elementor-5724\">\n\t\t\t\t<div class=\"elementor-element elementor-element-a336150 e-con-full e-flex e-con e-parent\" data-id=\"a336150\" data-element_type=\"container\" data-e-type=\"container\">\n\t\t<div class=\"elementor-element elementor-element-998ae4f e-flex e-con-boxed e-con e-child\" data-id=\"998ae4f\" data-element_type=\"container\" data-e-type=\"container\">\n\t\t\t\t\t<div class=\"e-con-inner\">\n\t\t<div class=\"elementor-element elementor-element-dc773ee e-con-full e-flex e-con e-child\" data-id=\"dc773ee\" data-element_type=\"container\" data-e-type=\"container\">\n\t\t\r\n\t\t<div class=\"elementor-element elementor-element-939c483 elementor-widget elementor-widget-tourmteam\" data-id=\"939c483\" data-element_type=\"widget\" data-e-type=\"widget\" data-widget_type=\"tourmteam.default\">\n\t\t\t\t<div class=\"elementor-widget-container\">\n\t\t\t\t\t<div class=\"th-team team-grid\"><div class=\"team-img\"><img decoding=\"async\" src=\"https:\/\/dahlercostarica.com\/wp-content\/uploads\/2025\/02\/Florian.jpg\" alt=\"Florian\"  \/><\/div><div class=\"team-img2\"><img decoding=\"async\" src=\"https:\/\/dahlercostarica.com\/wp-content\/uploads\/2025\/02\/team_foto3.png\" alt=\"Team Florian\"  \/><\/div><div class=\"team-content\"><div class=\"media-body\"><h3 class=\"box-title title\"><a href=\"#\">Florian<\/a><\/h3><span class=\"team-desig desig\">Reiseexperte<\/span><div class=\"th-social\"><\/div><\/div><\/div><\/div>\t\t\t\t<\/div>\n\t\t\t\t<\/div>\n\t\t\t\t<\/div>\n\t\t<div class=\"elementor-element elementor-element-cec12dd e-con-full e-flex e-con e-child\" data-id=\"cec12dd\" data-element_type=\"container\" data-e-type=\"container\">\n\t\t\t\t<div class=\"elementor-element elementor-element-ce6988a elementor-widget elementor-widget-text-editor\" data-id=\"ce6988a\" data-element_type=\"widget\" data-e-type=\"widget\" data-widget_type=\"text-editor.default\">\n\t\t\t\t<div class=\"elementor-widget-container\">\n\t\t\t\t\t\t\t\t\t<h2><b>Florian &#8211; Le chuchoteur d&#8217;oiseaux avec l&#8217;appareil photo<\/b><\/h2><p><span style=\"font-weight: 400;\">Florian, notre expatri\u00e9 suisse avec l&#8217;objectif, a trouv\u00e9 sa v\u00e9ritable vocation au Costa Rica : la photographie de la faune aviaire \u00e0 couper le souffle. Il a tourn\u00e9 le dos \u00e0 la vie quotidienne en Suisse pour se consacrer \u00e0 sa passion dans son pays d&#8217;adoption. En tant qu&#8217;expert en techniques de photographie professionnelle et en photographie d&#8217;oiseaux, il vous emm\u00e8ne dans des safaris photo inoubliables. Mais Florian ne transmet pas seulement un savoir-faire technique, il transmet aussi l&#8217;art de capturer le bon moment et de vivre la beaut\u00e9 de la nature. Ses excursions sont un m\u00e9lange d&#8217;atelier photo, d&#8217;aventure et d&#8217;une touche de philosophie de vie. Avec lui, vous d\u00e9couvrirez la diversit\u00e9 de l&#8217;avifaune costaricienne et apprendrez \u00e0 donner vie \u00e0 vos photos. Ce n&#8217;est pas sans raison que ses photos ont \u00e9t\u00e9 publi\u00e9es, entre autres, par le National Geographic.      <\/span><\/p><p><strong>Langues : <span style=\"background-color: transparent; color: #595959; font-family: Arial, sans-serif; font-size: 12pt; white-space-collapse: preserve; text-align: var(--text-align);\">allemand, espagnol, anglais<\/span><\/strong><\/p>\t\t\t\t\t\t\t\t<\/div>\n\t\t\t\t<\/div>\n\t\t\t\t<\/div>\n\t\t\t\t\t<\/div>\n\t\t\t\t<\/div>\n\t\t\t\t<\/div>\n\t\t<div class=\"elementor-element elementor-element-ff64237 e-con-full e-flex e-con e-parent\" data-id=\"ff64237\" data-element_type=\"container\" data-e-type=\"container\">\n\t\t<div class=\"elementor-element elementor-element-2a3ba7b e-flex e-con-boxed e-con e-child\" data-id=\"2a3ba7b\" data-element_type=\"container\" data-e-type=\"container\">\n\t\t\t\t\t<div class=\"e-con-inner\">\n\t\t\t\t<div class=\"elementor-element elementor-element-5fbaaa9 elementor-widget elementor-widget-text-editor\" data-id=\"5fbaaa9\" data-element_type=\"widget\" data-e-type=\"widget\" data-widget_type=\"text-editor.default\">\n\t\t\t\t<div class=\"elementor-widget-container\">\n\t\t\t\t\t\t\t\t\t<h2 class=\"box-title mb-30\"><span style=\"font-weight: 400;\">Contactez-moi :<\/span><\/h2>\t\t\t\t\t\t\t\t<\/div>\n\t\t\t\t<\/div>\n\t\t\t\t<div class=\"elementor-element elementor-element-f12b35d elementor-widget elementor-widget-tourmcontactinfo\" data-id=\"f12b35d\" data-element_type=\"widget\" data-e-type=\"widget\" data-widget_type=\"tourmcontactinfo.default\">\n\t\t\t\t<div class=\"elementor-widget-container\">\n\t\t\t\t\t<div class=\"row gy-4 justify-content-center\"><div class=\"col-xl-4 col-lg-6\"><div class=\"about-contact-grid style2\"><div class=\"about-contact-icon\"><img decoding=\"async\" src=\"https:\/\/wordpress.themeholy.com\/tourm\/wp-content\/uploads\/2024\/07\/location-dot2.svg\" alt=\"location dot2\"  \/><\/div><div class=\"about-contact-details\"><h6 class=\"box-title title\">Unsere Adresse<\/h6><p class=\"about-contact-details-text\">Meridiano Business Center Torre Davivienda Escazu, Costa Rica.<\/p><\/div><\/div><\/div><div class=\"col-xl-4 col-lg-6\"><div class=\"about-contact-grid style2\"><div class=\"about-contact-icon\"><img decoding=\"async\" src=\"https:\/\/wordpress.themeholy.com\/tourm\/wp-content\/uploads\/2024\/07\/call-1.svg\" alt=\"call 1\"  \/><\/div><div class=\"about-contact-details\"><h6 class=\"box-title title\">Telefonnummer<\/h6><p class=\"about-contact-details-text\"><a href=\"tel:+50625055026\">+506 2505 5026<\/a><\/p><\/div><\/div><\/div><div class=\"col-xl-4 col-lg-6\"><div class=\"about-contact-grid style2\"><div class=\"about-contact-icon\"><img decoding=\"async\" src=\"https:\/\/wordpress.themeholy.com\/tourm\/wp-content\/uploads\/2024\/07\/mail-1.svg\" alt=\"mail 1\"  \/><\/div><div class=\"about-contact-details\"><h6 class=\"box-title title\">E-Mail<\/h6><p><a href=\"mailto:info@swisstropical.ch\"><span style=\"font-weight: 400\">info@swisstropical.ch<\/span><\/a><\/p><\/div><\/div><\/div><\/div>\t\t\t\t<\/div>\n\t\t\t\t<\/div>\n\t\t\t\t\t<\/div>\n\t\t\t\t<\/div>\n\t\t\t\t<\/div>\n\t\t<div class=\"elementor-element elementor-element-435aa23 e-flex e-con-boxed e-con e-parent\" data-id=\"435aa23\" data-element_type=\"container\" data-e-type=\"container\" data-settings=\"{&quot;background_background&quot;:&quot;classic&quot;}\">\n\t\t\t\t\t<div class=\"e-con-inner\">\n\t\t<div class=\"elementor-element elementor-element-58ddfa5 e-con-full e-flex e-con e-child\" data-id=\"58ddfa5\" data-element_type=\"container\" data-e-type=\"container\">\n\t\t\t\t<div class=\"elementor-element elementor-element-4f86f4a elementor-widget elementor-widget-tourmsectiontitle\" data-id=\"4f86f4a\" data-element_type=\"widget\" data-e-type=\"widget\" data-widget_type=\"tourmsectiontitle.default\">\n\t\t\t\t<div class=\"elementor-widget-container\">\n\t\t\t\t\t\t\t<div class=\"title-area text-center \">\r\n\t\t\t<span class=\"sub-title \">Sprich uns an!<\/span><h2 class=\"sec-title \">Unsere Kontakt Informationen<\/h2>\t\t<\/div>\r\n\r\n\t\t\t\t\t<\/div>\n\t\t\t\t<\/div>\n\t\t\t\t<div class=\"elementor-element elementor-element-d2c4446 elementor-widget elementor-widget-tourmteam\" data-id=\"d2c4446\" data-element_type=\"widget\" data-e-type=\"widget\" data-widget_type=\"tourmteam.default\">\n\t\t\t\t<div class=\"elementor-widget-container\">\n\t\t\t\t\t<div class=\"slider-area arrow-wrap\"><div class=\"swiper th-slider teamSlider3 has-shadow\" id=\"teamSlider3\" data-slider-options='{\"breakpoints\":{\"0\":{\"slidesPerView\":1},\"576\":{\"slidesPerView\":\"1\"},\"768\":{\"slidesPerView\":\"2\"},\"992\":{\"slidesPerView\":\"3\"},\"1200\":{\"slidesPerView\":\"3\"}}}'><div class=\"swiper-wrapper\"><div class=\"swiper-slide\"><div class=\"th-team team-grid\"><div class=\"team-img\"><img decoding=\"async\" src=\"https:\/\/dahlercostarica.com\/wp-content\/uploads\/2025\/02\/Stephane-1.jpg\" alt=\"Stephane 1\"  \/><\/div><div class=\"team-img2\"><img decoding=\"async\" src=\"https:\/\/dahlercostarica.com\/wp-content\/uploads\/2025\/03\/Stephane1.jpg\" alt=\"Stephane1\"  \/><\/div><div class=\"team-content\"><div class=\"media-body\"><h3 class=\"box-title title\"><a href=\"https:\/\/dahlercostarica.com\/fr\/ueber-uns\/stephan\/\">Stephane<\/a><\/h3><span class=\"team-desig desig\">Reiseexperte<\/span><div class=\"th-social\"><\/div><\/div><\/div><\/div><\/div><div class=\"swiper-slide\"><div class=\"th-team team-grid\"><div class=\"team-img\"><img decoding=\"async\" src=\"https:\/\/dahlercostarica.com\/wp-content\/uploads\/2025\/02\/Guillaume.jpg\" alt=\"Guillaume\"  \/><\/div><div class=\"team-img2\"><img decoding=\"async\" src=\"https:\/\/dahlercostarica.com\/wp-content\/uploads\/2025\/02\/team_foto2.png\" alt=\"Team Guillaume\"  \/><\/div><div class=\"team-content\"><div class=\"media-body\"><h3 class=\"box-title title\"><a href=\"https:\/\/dahlercostarica.com\/fr\/ueber-uns\/guillaume\/\">Guillaume<\/a><\/h3><span class=\"team-desig desig\">Reiseexperte<\/span><div class=\"th-social\"><\/div><\/div><\/div><\/div><\/div><div class=\"swiper-slide\"><div class=\"th-team team-grid\"><div class=\"team-img\"><img decoding=\"async\" src=\"https:\/\/dahlercostarica.com\/wp-content\/uploads\/2025\/02\/Florian.jpg\" alt=\"Florian\"  \/><\/div><div class=\"team-img2\"><img decoding=\"async\" src=\"https:\/\/dahlercostarica.com\/wp-content\/uploads\/2025\/02\/team_foto3.png\" alt=\"Team Florian\"  \/><\/div><div class=\"team-content\"><div class=\"media-body\"><h3 class=\"box-title title\"><a href=\"https:\/\/dahlercostarica.com\/fr\/ueber-uns\/florian\/\">Florian<\/a><\/h3><span class=\"team-desig desig\">Reiseexperte<\/span><div class=\"th-social\"><\/div><\/div><\/div><\/div><\/div><div class=\"swiper-slide\"><div class=\"th-team team-grid\"><div class=\"team-img\"><img decoding=\"async\" src=\"https:\/\/dahlercostarica.com\/wp-content\/uploads\/2025\/02\/Tatiana.jpg\" alt=\"Tatiana\"  \/><\/div><div class=\"team-img2\"><img decoding=\"async\" src=\"https:\/\/dahlercostarica.com\/wp-content\/uploads\/2025\/02\/team_foto4.png\" alt=\"Team Tatiana\"  \/><\/div><div class=\"team-content\"><div class=\"media-body\"><h3 class=\"box-title title\"><a href=\"https:\/\/dahlercostarica.com\/fr\/ueber-uns\/tatiana\/\">Tatiana<\/a><\/h3><span class=\"team-desig desig\">Reiseexperte<\/span><div class=\"th-social\"><\/div><\/div><\/div><\/div><\/div><div class=\"swiper-slide\"><div class=\"th-team team-grid\"><div class=\"team-img\"><img decoding=\"async\" src=\"https:\/\/dahlercostarica.com\/wp-content\/uploads\/2025\/02\/Jazmin.jpg\" alt=\"Jazmin\"  \/><\/div><div class=\"team-img2\"><img decoding=\"async\" src=\"https:\/\/dahlercostarica.com\/wp-content\/uploads\/2025\/02\/team_foto5.png\" alt=\"jazmin\"  \/><\/div><div class=\"team-content\"><div class=\"media-body\"><h3 class=\"box-title title\"><a href=\"https:\/\/dahlercostarica.com\/fr\/ueber-uns\/jazmin\/\">Jazmin<\/a><\/h3><span class=\"team-desig desig\">Buchhaltung<\/span><div class=\"th-social\"><\/div><\/div><\/div><\/div><\/div><div class=\"swiper-slide\"><div class=\"th-team team-grid\"><div class=\"team-img\"><img decoding=\"async\" src=\"https:\/\/dahlercostarica.com\/wp-content\/uploads\/2025\/02\/Ernesto.jpg\" alt=\"Ernesto\"  \/><\/div><div class=\"team-img2\"><img decoding=\"async\" src=\"https:\/\/dahlercostarica.com\/wp-content\/uploads\/2025\/02\/team_foto6.png\" alt=\"Ernesto\"  \/><\/div><div class=\"team-content\"><div class=\"media-body\"><h3 class=\"box-title title\"><a href=\"https:\/\/dahlercostarica.com\/fr\/ueber-uns\/ernesto\/\">Ernesto<\/a><\/h3><span class=\"team-desig desig\">Logistikverantwortlicher<\/span><div class=\"th-social\"><\/div><\/div><\/div><\/div><\/div><div class=\"swiper-slide\"><div class=\"th-team team-grid\"><div class=\"team-img\"><img decoding=\"async\" src=\"https:\/\/dahlercostarica.com\/wp-content\/uploads\/2025\/02\/David.jpg\" alt=\"David\"  \/><\/div><div class=\"team-img2\"><img decoding=\"async\" src=\"https:\/\/dahlercostarica.com\/wp-content\/uploads\/2025\/02\/david.png\" alt=\"Nicaragua Reiseexperte David\"  \/><\/div><div class=\"team-content\"><div class=\"media-body\"><h3 class=\"box-title title\"><a href=\"https:\/\/dahlercostarica.com\/fr\/ueber-uns\/david\/\">David<\/a><\/h3><span class=\"team-desig desig\">Nicaragua Reisespezialist<\/span><div class=\"th-social\"><\/div><\/div><\/div><\/div><\/div><div class=\"swiper-slide\"><div class=\"th-team team-grid\"><div class=\"team-img\"><img decoding=\"async\" src=\"https:\/\/dahlercostarica.com\/wp-content\/uploads\/2025\/03\/Pauline-1.jpg\" alt=\"Pauline 1\"  \/><\/div><div class=\"team-img2\"><img decoding=\"async\" src=\"https:\/\/dahlercostarica.com\/wp-content\/uploads\/2025\/03\/Pauline.jpg\" alt=\"Team Pauline\"  \/><\/div><div class=\"team-content\"><div class=\"media-body\"><h3 class=\"box-title title\"><a href=\"https:\/\/dahlercostarica.com\/fr\/ueber-uns\/pauline-2\/\">Pauline<\/a><\/h3><span class=\"team-desig desig\">Reiseexperte<\/span><div class=\"th-social\"><\/div><\/div><\/div><\/div><\/div><div class=\"swiper-slide\"><div class=\"th-team team-grid\"><div class=\"team-img\"><img decoding=\"async\" src=\"https:\/\/dahlercostarica.com\/wp-content\/uploads\/2025\/03\/Bea-1.jpg\" alt=\"Bea 1\"  \/><\/div><div class=\"team-img2\"><img decoding=\"async\" src=\"https:\/\/dahlercostarica.com\/wp-content\/uploads\/2025\/03\/Bea.jpg\" alt=\"Reiseleiterin Bea\"  \/><\/div><div class=\"team-content\"><div class=\"media-body\"><h3 class=\"box-title title\"><a href=\"https:\/\/dahlercostarica.com\/fr\/ueber-uns\/bea-2\/\">Bea<\/a><\/h3><span class=\"team-desig desig\">Spezialistin f\u00fcr Outdoor und Camping<\/span><div class=\"th-social\"><\/div><\/div><\/div><\/div><\/div><\/div><div class=\"slider-pagination\"><\/div><\/div><button data-slider-prev=\"#teamSlider3\" class=\"slider-arrow slider-prev\"><img decoding=\"async\" src=\"https:\/\/dahlercostarica.com\/wp-content\/plugins\/tourm-core\/assets\/\/img\/icon\/right-arrow2.svg\" alt=\"\"><\/button><button data-slider-next=\"#teamSlider3\" class=\"slider-arrow slider-next\"><img decoding=\"async\" src=\"https:\/\/dahlercostarica.com\/wp-content\/plugins\/tourm-core\/assets\/\/img\/icon\/left-arrow2.svg\" alt=\"\"><\/button><\/div>\t\t\t\t<\/div>\n\t\t\t\t<\/div>\n\t\t\t\t<\/div>\n\t\t\t\t\t<\/div>\n\t\t\t\t<\/div>\n\t\t\t\t<\/div>\n\t\t","protected":false},"excerpt":{"rendered":"<p>Florian Reiseexperte Florian &#8211; Le chuchoteur d&#8217;oiseaux avec l&#8217;appareil photo Florian, notre expatri\u00e9 suisse avec l&#8217;objectif, a trouv\u00e9 sa v\u00e9ritable vocation au Costa Rica : la photographie de la faune aviaire \u00e0 couper le souffle. Il a tourn\u00e9 le dos \u00e0 la vie quotidienne en Suisse pour se consacrer \u00e0 sa passion dans son pays&#8230;<\/p>\n","protected":false},"author":1,"featured_media":8595,"parent":8359,"menu_order":0,"comment_status":"closed","ping_status":"closed","template":"template-builder.php","meta":{"_monsterinsights_skip_tracking":false,"_monsterinsights_sitenote_active":false,"_monsterinsights_sitenote_note":"","_monsterinsights_sitenote_category":0,"footnotes":""},"class_list":["post-8866","page","type-page","status-publish","has-post-thumbnail","hentry"],"yoast_head":"<!-- This site is optimized with the Yoast SEO plugin v27.4 - https:\/\/yoast.com\/product\/yoast-seo-wordpress\/ -->\n<title>Florian - Swiss Tropical Tourism<\/title>\n<meta name=\"robots\" content=\"index, follow, max-snippet:-1, max-image-preview:large, max-video-preview:-1\" \/>\n<link rel=\"canonical\" href=\"https:\/\/dahlercostarica.com\/fr\/agence-de-voyage\/florian\/\" \/>\n<meta property=\"og:locale\" content=\"fr_FR\" \/>\n<meta property=\"og:type\" content=\"article\" \/>\n<meta property=\"og:title\" content=\"Florian - Swiss Tropical Tourism\" \/>\n<meta property=\"og:description\" content=\"Florian Reiseexperte Florian &#8211; Le chuchoteur d&#8217;oiseaux avec l&#8217;appareil photo Florian, notre expatri\u00e9 suisse avec l&#8217;objectif, a trouv\u00e9 sa v\u00e9ritable vocation au Costa Rica : la photographie de la faune aviaire \u00e0 couper le souffle. Il a tourn\u00e9 le dos \u00e0 la vie quotidienne en Suisse pour se consacrer \u00e0 sa passion dans son pays...\" \/>\n<meta property=\"og:url\" content=\"https:\/\/dahlercostarica.com\/fr\/agence-de-voyage\/florian\/\" \/>\n<meta property=\"og:site_name\" content=\"Swiss Tropical Tourism\" \/>\n<meta property=\"article:publisher\" content=\"https:\/\/www.facebook.com\/SwissTropicalTourism\" \/>\n<meta property=\"article:modified_time\" content=\"2025-11-15T01:07:38+00:00\" \/>\n<meta property=\"og:image\" content=\"https:\/\/dahlercostarica.com\/wp-content\/uploads\/2025\/02\/team_foto3.png\" \/>\n\t<meta property=\"og:image:width\" content=\"297\" \/>\n\t<meta property=\"og:image:height\" content=\"297\" \/>\n\t<meta property=\"og:image:type\" content=\"image\/png\" \/>\n<meta name=\"twitter:card\" content=\"summary_large_image\" \/>\n<meta name=\"twitter:label1\" content=\"Dur\u00e9e de lecture estim\u00e9e\" \/>\n\t<meta name=\"twitter:data1\" content=\"7 minutes\" \/>\n<script type=\"application\/ld+json\" class=\"yoast-schema-graph\">{\"@context\":\"https:\\\/\\\/schema.org\",\"@graph\":[{\"@type\":\"WebPage\",\"@id\":\"https:\\\/\\\/dahlercostarica.com\\\/fr\\\/agence-de-voyage\\\/florian\\\/\",\"url\":\"https:\\\/\\\/dahlercostarica.com\\\/fr\\\/agence-de-voyage\\\/florian\\\/\",\"name\":\"Florian - Swiss Tropical Tourism\",\"isPartOf\":{\"@id\":\"https:\\\/\\\/dahlercostarica.com\\\/fr\\\/#website\"},\"primaryImageOfPage\":{\"@id\":\"https:\\\/\\\/dahlercostarica.com\\\/fr\\\/agence-de-voyage\\\/florian\\\/#primaryimage\"},\"image\":{\"@id\":\"https:\\\/\\\/dahlercostarica.com\\\/fr\\\/agence-de-voyage\\\/florian\\\/#primaryimage\"},\"thumbnailUrl\":\"https:\\\/\\\/dahlercostarica.com\\\/wp-content\\\/uploads\\\/2025\\\/02\\\/team_foto3.png\",\"datePublished\":\"2025-02-28T00:16:55+00:00\",\"dateModified\":\"2025-11-15T01:07:38+00:00\",\"breadcrumb\":{\"@id\":\"https:\\\/\\\/dahlercostarica.com\\\/fr\\\/agence-de-voyage\\\/florian\\\/#breadcrumb\"},\"inLanguage\":\"fr-FR\",\"potentialAction\":[{\"@type\":\"ReadAction\",\"target\":[\"https:\\\/\\\/dahlercostarica.com\\\/fr\\\/agence-de-voyage\\\/florian\\\/\"]}]},{\"@type\":\"ImageObject\",\"inLanguage\":\"fr-FR\",\"@id\":\"https:\\\/\\\/dahlercostarica.com\\\/fr\\\/agence-de-voyage\\\/florian\\\/#primaryimage\",\"url\":\"https:\\\/\\\/dahlercostarica.com\\\/wp-content\\\/uploads\\\/2025\\\/02\\\/team_foto3.png\",\"contentUrl\":\"https:\\\/\\\/dahlercostarica.com\\\/wp-content\\\/uploads\\\/2025\\\/02\\\/team_foto3.png\",\"width\":297,\"height\":297,\"caption\":\"Team Florian\"},{\"@type\":\"BreadcrumbList\",\"@id\":\"https:\\\/\\\/dahlercostarica.com\\\/fr\\\/agence-de-voyage\\\/florian\\\/#breadcrumb\",\"itemListElement\":[{\"@type\":\"ListItem\",\"position\":1,\"name\":\"Accueil\",\"item\":\"https:\\\/\\\/dahlercostarica.com\\\/fr\\\/\"},{\"@type\":\"ListItem\",\"position\":2,\"name\":\"Agence de voyage\",\"item\":\"https:\\\/\\\/dahlercostarica.com\\\/fr\\\/reiseagentur\\\/\"},{\"@type\":\"ListItem\",\"position\":3,\"name\":\"Florian\"}]},{\"@type\":\"WebSite\",\"@id\":\"https:\\\/\\\/dahlercostarica.com\\\/fr\\\/#website\",\"url\":\"https:\\\/\\\/dahlercostarica.com\\\/fr\\\/\",\"name\":\"Swiss Tropical Tourism\",\"description\":\"Reiseagentur\",\"potentialAction\":[{\"@type\":\"SearchAction\",\"target\":{\"@type\":\"EntryPoint\",\"urlTemplate\":\"https:\\\/\\\/dahlercostarica.com\\\/fr\\\/?s={search_term_string}\"},\"query-input\":{\"@type\":\"PropertyValueSpecification\",\"valueRequired\":true,\"valueName\":\"search_term_string\"}}],\"inLanguage\":\"fr-FR\"}]}<\/script>\n<!-- \/ Yoast SEO plugin. -->","yoast_head_json":{"title":"Florian - Swiss Tropical Tourism","robots":{"index":"index","follow":"follow","max-snippet":"max-snippet:-1","max-image-preview":"max-image-preview:large","max-video-preview":"max-video-preview:-1"},"canonical":"https:\/\/dahlercostarica.com\/fr\/agence-de-voyage\/florian\/","og_locale":"fr_FR","og_type":"article","og_title":"Florian - Swiss Tropical Tourism","og_description":"Florian Reiseexperte Florian &#8211; Le chuchoteur d&#8217;oiseaux avec l&#8217;appareil photo Florian, notre expatri\u00e9 suisse avec l&#8217;objectif, a trouv\u00e9 sa v\u00e9ritable vocation au Costa Rica : la photographie de la faune aviaire \u00e0 couper le souffle. Il a tourn\u00e9 le dos \u00e0 la vie quotidienne en Suisse pour se consacrer \u00e0 sa passion dans son pays...","og_url":"https:\/\/dahlercostarica.com\/fr\/agence-de-voyage\/florian\/","og_site_name":"Swiss Tropical Tourism","article_publisher":"https:\/\/www.facebook.com\/SwissTropicalTourism","article_modified_time":"2025-11-15T01:07:38+00:00","og_image":[{"width":297,"height":297,"url":"https:\/\/dahlercostarica.com\/wp-content\/uploads\/2025\/02\/team_foto3.png","type":"image\/png"}],"twitter_card":"summary_large_image","twitter_misc":{"Dur\u00e9e de lecture estim\u00e9e":"7 minutes"},"schema":{"@context":"https:\/\/schema.org","@graph":[{"@type":"WebPage","@id":"https:\/\/dahlercostarica.com\/fr\/agence-de-voyage\/florian\/","url":"https:\/\/dahlercostarica.com\/fr\/agence-de-voyage\/florian\/","name":"Florian - Swiss Tropical Tourism","isPartOf":{"@id":"https:\/\/dahlercostarica.com\/fr\/#website"},"primaryImageOfPage":{"@id":"https:\/\/dahlercostarica.com\/fr\/agence-de-voyage\/florian\/#primaryimage"},"image":{"@id":"https:\/\/dahlercostarica.com\/fr\/agence-de-voyage\/florian\/#primaryimage"},"thumbnailUrl":"https:\/\/dahlercostarica.com\/wp-content\/uploads\/2025\/02\/team_foto3.png","datePublished":"2025-02-28T00:16:55+00:00","dateModified":"2025-11-15T01:07:38+00:00","breadcrumb":{"@id":"https:\/\/dahlercostarica.com\/fr\/agence-de-voyage\/florian\/#breadcrumb"},"inLanguage":"fr-FR","potentialAction":[{"@type":"ReadAction","target":["https:\/\/dahlercostarica.com\/fr\/agence-de-voyage\/florian\/"]}]},{"@type":"ImageObject","inLanguage":"fr-FR","@id":"https:\/\/dahlercostarica.com\/fr\/agence-de-voyage\/florian\/#primaryimage","url":"https:\/\/dahlercostarica.com\/wp-content\/uploads\/2025\/02\/team_foto3.png","contentUrl":"https:\/\/dahlercostarica.com\/wp-content\/uploads\/2025\/02\/team_foto3.png","width":297,"height":297,"caption":"Team Florian"},{"@type":"BreadcrumbList","@id":"https:\/\/dahlercostarica.com\/fr\/agence-de-voyage\/florian\/#breadcrumb","itemListElement":[{"@type":"ListItem","position":1,"name":"Accueil","item":"https:\/\/dahlercostarica.com\/fr\/"},{"@type":"ListItem","position":2,"name":"Agence de voyage","item":"https:\/\/dahlercostarica.com\/fr\/reiseagentur\/"},{"@type":"ListItem","position":3,"name":"Florian"}]},{"@type":"WebSite","@id":"https:\/\/dahlercostarica.com\/fr\/#website","url":"https:\/\/dahlercostarica.com\/fr\/","name":"Swiss Tropical Tourism","description":"Reiseagentur","potentialAction":[{"@type":"SearchAction","target":{"@type":"EntryPoint","urlTemplate":"https:\/\/dahlercostarica.com\/fr\/?s={search_term_string}"},"query-input":{"@type":"PropertyValueSpecification","valueRequired":true,"valueName":"search_term_string"}}],"inLanguage":"fr-FR"}]}},"_links":{"self":[{"href":"https:\/\/dahlercostarica.com\/fr\/wp-json\/wp\/v2\/pages\/8866","targetHints":{"allow":["GET"]}}],"collection":[{"href":"https:\/\/dahlercostarica.com\/fr\/wp-json\/wp\/v2\/pages"}],"about":[{"href":"https:\/\/dahlercostarica.com\/fr\/wp-json\/wp\/v2\/types\/page"}],"author":[{"embeddable":true,"href":"https:\/\/dahlercostarica.com\/fr\/wp-json\/wp\/v2\/users\/1"}],"replies":[{"embeddable":true,"href":"https:\/\/dahlercostarica.com\/fr\/wp-json\/wp\/v2\/comments?post=8866"}],"version-history":[{"count":6,"href":"https:\/\/dahlercostarica.com\/fr\/wp-json\/wp\/v2\/pages\/8866\/revisions"}],"predecessor-version":[{"id":9058,"href":"https:\/\/dahlercostarica.com\/fr\/wp-json\/wp\/v2\/pages\/8866\/revisions\/9058"}],"up":[{"embeddable":true,"href":"https:\/\/dahlercostarica.com\/fr\/wp-json\/wp\/v2\/pages\/8359"}],"wp:featuredmedia":[{"embeddable":true,"href":"https:\/\/dahlercostarica.com\/fr\/wp-json\/wp\/v2\/media\/8595"}],"wp:attachment":[{"href":"https:\/\/dahlercostarica.com\/fr\/wp-json\/wp\/v2\/media?parent=8866"}],"curies":[{"name":"wp","href":"https:\/\/api.w.org\/{rel}","templated":true}]}}